{"id":1722,"date":"2024-08-19T19:29:22","date_gmt":"2024-08-19T17:29:22","guid":{"rendered":"https:\/\/lagunadog.eu\/?page_id=1722"},"modified":"2025-05-13T23:20:48","modified_gmt":"2025-05-13T21:20:48","slug":"disderi-show","status":"publish","type":"page","link":"https:\/\/lagunadog.eu\/index.php\/disderi-show\/","title":{"rendered":"DIAMOND DISDERI Hv\u011bzdn\u00e1 laguna \/ SHOW RESULTS"},"content":{"rendered":"\n<p><strong>Slovakian Champion, Slovakian Club Champion, C.I.B.-J, Czech Junior Champion, CruftsQ.<\/strong><\/p>\n\n\n\n<p class=\"has-medium-font-size\"><strong><a href=\"https:\/\/lagunadog.eu\/index.php\/diamond-disderi-hvezdna-laguna\/\">DIAMOND DISDERI Hv\u011bzdn\u00e1 laguna<\/a><\/strong> \/ SHOW RESULTS<\/p>\n\n\n\n<div class=\"wp-block-buttons is-content-justification-right is-layout-flex wp-container-core-buttons-layout-1 wp-block-buttons-is-layout-flex\">\n<div class=\"wp-block-button\"><a class=\"wp-block-button__link wp-element-button\" href=\"https:\/\/lagunadog.eu\/index.php\/diamond-disderi-hvezdna-laguna\/\">Personal page<\/a><\/div>\n\n\n\n<div class=\"wp-block-button\"><a class=\"wp-block-button__link wp-element-button\">Photo Gallery<\/a><\/div>\n\n\n\n<div class=\"wp-block-button\"><a class=\"wp-block-button__link wp-element-button\" href=\"https:\/\/belgianshepherd.breedarchive.com\/animal\/view\/diamond-disderi-hvezdna-laguna-e6fc330d-62c3-4ec6-9ef0-727f39b882b6\" target=\"_blank\" rel=\"noreferrer noopener\">Pedigre<\/a><\/div>\n\n\n\n<div class=\"wp-block-button\"><a class=\"wp-block-button__link wp-element-button\" href=\"https:\/\/lagunadog.eu\/index.php\/d2-litter-hl\/\">D Litter info<\/a><\/div>\n<\/div>\n\n\n\n<div style=\"height:40px\" aria-hidden=\"true\" class=\"wp-block-spacer\"><\/div>\n\n\n\n<figure class=\"wp-block-table is-style-stripes\"><table><thead><tr><th class=\"has-text-align-left\" data-align=\"left\">DATE<\/th><th class=\"has-text-align-left\" data-align=\"left\">SHOW<\/th><th class=\"has-text-align-center\" data-align=\"center\"><\/th><th class=\"has-text-align-center\" data-align=\"center\">JUDGE<\/th><th class=\"has-text-align-center\" data-align=\"center\">class<\/th><th class=\"has-text-align-right\" data-align=\"right\">RESULT<\/th><\/tr><\/thead><tbody><tr><td class=\"has-text-align-left\" data-align=\"left\">11.05.2025<\/td><td class=\"has-text-align-left\" data-align=\"left\">Special, Mlad\u00e1 Boleslav (KCHBO)<\/td><td class=\"has-text-align-center\" data-align=\"center\">CZ<\/td><td class=\"has-text-align-center\" data-align=\"center\">Pauline Koning-Stern Hanf\u00a0(NL)<\/td><td class=\"has-text-align-center\" data-align=\"center\">open<\/td><td class=\"has-text-align-right\" data-align=\"right\">CAC, <strong>\u010cK\u0160<\/strong><\/td><\/tr><tr><td class=\"has-text-align-left\" data-align=\"left\">22.12.2024<\/td><td class=\"has-text-align-left\" data-align=\"left\">IDS Nitra, Christmas Cup<\/td><td class=\"has-text-align-center\" data-align=\"center\">SK<\/td><td class=\"has-text-align-center\" data-align=\"center\">Jaroslav Zembjak (SK)<\/td><td class=\"has-text-align-center\" data-align=\"center\">open<\/td><td class=\"has-text-align-right\" data-align=\"right\">CAC, CACIB, CruftsQ. \/ <strong>SK Champion<\/strong><\/td><\/tr><tr><td class=\"has-text-align-left\" data-align=\"left\">06.10.2024<\/td><td class=\"has-text-align-left\" data-align=\"left\">NDS Gliwice<\/td><td class=\"has-text-align-center\" data-align=\"center\">PL<\/td><td class=\"has-text-align-center\" data-align=\"center\">Anna Dzidt (PL)<\/td><td class=\"has-text-align-center\" data-align=\"center\">open<\/td><td class=\"has-text-align-right\" data-align=\"right\">CWC, BD, <strong>BOB<\/strong><\/td><\/tr><tr><td class=\"has-text-align-left\" data-align=\"left\">08.06.2024<\/td><td class=\"has-text-align-left\" data-align=\"left\">Club, Smol\u00ednsk\u00e9<\/td><td class=\"has-text-align-center\" data-align=\"center\">SK<\/td><td class=\"has-text-align-center\" data-align=\"center\">Lozi\u0107 \u017deljko (Serbia)<\/td><td class=\"has-text-align-center\" data-align=\"center\">intermedia<\/td><td class=\"has-text-align-right\" data-align=\"right\">CAC, <strong>\u010cK\u0160<\/strong><\/td><\/tr><tr><td class=\"has-text-align-left\" data-align=\"left\">25.05.2024<\/td><td class=\"has-text-align-left\" data-align=\"left\">IDS, Litom\u011b\u0159ice<\/td><td class=\"has-text-align-center\" data-align=\"center\">CZ<\/td><td class=\"has-text-align-center\" data-align=\"center\">Peter F. Berchtold (GER)<\/td><td class=\"has-text-align-center\" data-align=\"center\">intermedia<\/td><td class=\"has-text-align-right\" data-align=\"right\">CAC, CACIB, CAC-CMKU, <strong>BOS<\/strong><\/td><\/tr><tr><td class=\"has-text-align-left\" data-align=\"left\">14.04.2024<\/td><td class=\"has-text-align-left\" data-align=\"left\">NDS, Zakrz\u00f3w<\/td><td class=\"has-text-align-center\" data-align=\"center\">PL<\/td><td class=\"has-text-align-center\" data-align=\"center\">Joanna Dadej (PL)<\/td><td class=\"has-text-align-center\" data-align=\"center\">intermedia<\/td><td class=\"has-text-align-right\" data-align=\"right\">CWC, BM, <strong>BOB<\/strong><\/td><\/tr><tr><td class=\"has-text-align-left\" data-align=\"left\">18.02.2024<\/td><td class=\"has-text-align-left\" data-align=\"left\">IDS, Nitra<\/td><td class=\"has-text-align-center\" data-align=\"center\">SK<\/td><td class=\"has-text-align-center\" data-align=\"center\">Anna Pulikowska-Klimonda (PL)<\/td><td class=\"has-text-align-center\" data-align=\"center\">intermedia<\/td><td class=\"has-text-align-right\" data-align=\"right\">CAC, res.CACIB<\/td><\/tr><tr><td class=\"has-text-align-left\" data-align=\"left\">07.10.2023<\/td><td class=\"has-text-align-left\" data-align=\"left\">IDS, \u010cesk\u00e9 Bud\u011bjovice<\/td><td class=\"has-text-align-center\" data-align=\"center\">CZ<\/td><td class=\"has-text-align-center\" data-align=\"center\">Otakar Vondrou\u0161 (CZ)<\/td><td class=\"has-text-align-center\" data-align=\"center\">intermedia<\/td><td class=\"has-text-align-right\" data-align=\"right\">Very Good 1<\/td><\/tr><tr><td class=\"has-text-align-left\" data-align=\"left\">30.09.2023<\/td><td class=\"has-text-align-left\" data-align=\"left\">Special, Ve\u013ek\u00e9 Kr\u0161te\u0148any<\/td><td class=\"has-text-align-center\" data-align=\"center\">SK<\/td><td class=\"has-text-align-center\" data-align=\"center\">Alexandra Grygarov\u00e1&nbsp;(CZ)<\/td><td class=\"has-text-align-center\" data-align=\"center\">intermedia<\/td><td class=\"has-text-align-right\" data-align=\"right\">CAC, <strong>\u010cK\u0160<\/strong><\/td><\/tr><tr><td class=\"has-text-align-left\" data-align=\"left\">23.07.2023<\/td><td class=\"has-text-align-left\" data-align=\"left\">IDS Czestochowa<\/td><td class=\"has-text-align-center\" data-align=\"center\">PL<\/td><td class=\"has-text-align-center\" data-align=\"center\">Leszek Salamon (PL)<\/td><td class=\"has-text-align-center\" data-align=\"center\">junior<\/td><td class=\"has-text-align-right\" data-align=\"right\">Zw.ml. (CAJC), CACIB-J<\/td><\/tr><tr><td class=\"has-text-align-left\" data-align=\"left\">15.07.2023<\/td><td class=\"has-text-align-left\" data-align=\"left\">NDS, Mlad\u00e1 Boleslav<\/td><td class=\"has-text-align-center\" data-align=\"center\">CZ<\/td><td class=\"has-text-align-center\" data-align=\"center\">Tibor Havelka (SK)<\/td><td class=\"has-text-align-center\" data-align=\"center\">junior<\/td><td class=\"has-text-align-right\" data-align=\"right\">CAJC, <strong>BOJ<\/strong>, <strong>BOB<\/strong><\/td><\/tr><tr><td class=\"has-text-align-left\" data-align=\"left\">14.05.2023<\/td><td class=\"has-text-align-left\" data-align=\"left\">Special, Ratenice<\/td><td class=\"has-text-align-center\" data-align=\"center\">CZ<\/td><td class=\"has-text-align-center\" data-align=\"center\">Mich\u00e9le Bidault (France)<\/td><td class=\"has-text-align-center\" data-align=\"center\">junior<\/td><td class=\"has-text-align-right\" data-align=\"right\">CAJC<\/td><\/tr><tr><td class=\"has-text-align-left\" data-align=\"left\">13.05.2023<\/td><td class=\"has-text-align-left\" data-align=\"left\">Club, Ratenice<\/td><td class=\"has-text-align-center\" data-align=\"center\">CZ<\/td><td class=\"has-text-align-center\" data-align=\"center\">Emanuele Boriero (Italy)<\/td><td class=\"has-text-align-center\" data-align=\"center\">junior<\/td><td class=\"has-text-align-right\" data-align=\"right\">Excellent 2<\/td><\/tr><tr><td class=\"has-text-align-left\" data-align=\"left\">15.04.2023<\/td><td class=\"has-text-align-left\" data-align=\"left\">IDS, \u010cesk\u00e9 Bud\u011bjovice<\/td><td class=\"has-text-align-center\" data-align=\"center\">CZ<\/td><td class=\"has-text-align-center\" data-align=\"center\">Karel Peroutka (CZ)<\/td><td class=\"has-text-align-center\" data-align=\"center\">junior<\/td><td class=\"has-text-align-right\" data-align=\"right\">CAJC, CACIB-J, <strong>BOJ<\/strong><\/td><\/tr><tr><td class=\"has-text-align-left\" data-align=\"left\">01.04.2023<\/td><td class=\"has-text-align-left\" data-align=\"left\">IDS, Bratislava<\/td><td class=\"has-text-align-center\" data-align=\"center\">SK<\/td><td class=\"has-text-align-center\" data-align=\"center\">Tibor Havelka (SK)<\/td><td class=\"has-text-align-center\" data-align=\"center\">junior<\/td><td class=\"has-text-align-right\" data-align=\"right\">CAJC, CACIB-J, <strong>BOJ<\/strong>, <strong>BOB<\/strong><\/td><\/tr><\/tbody><\/table><\/figure>\n","protected":false},"excerpt":{"rendered":"<p>Slovakian Champion, Slovakian Club Champion, C.I.B.-J, Czech Junior Champion, CruftsQ. DIAMOND DISDERI Hv\u011bzdn\u00e1 laguna \/ SHOW RESULTS DATE SHOW JUDGE class RESULT 11.05.2025 Special, Mlad\u00e1 Boleslav (KCHBO) CZ Pauline Koning-Stern &#8230;<\/p>\n","protected":false},"author":1,"featured_media":0,"parent":0,"menu_order":0,"comment_status":"closed","ping_status":"closed","template":"template-fullwidth.php","meta":{"footnotes":""},"_links":{"self":[{"href":"https:\/\/lagunadog.eu\/index.php\/wp-json\/wp\/v2\/pages\/1722"}],"collection":[{"href":"https:\/\/lagunadog.eu\/index.php\/wp-json\/wp\/v2\/pages"}],"about":[{"href":"https:\/\/lagunadog.eu\/index.php\/wp-json\/wp\/v2\/types\/page"}],"author":[{"embeddable":true,"href":"https:\/\/lagunadog.eu\/index.php\/wp-json\/wp\/v2\/users\/1"}],"replies":[{"embeddable":true,"href":"https:\/\/lagunadog.eu\/index.php\/wp-json\/wp\/v2\/comments?post=1722"}],"version-history":[{"count":18,"href":"https:\/\/lagunadog.eu\/index.php\/wp-json\/wp\/v2\/pages\/1722\/revisions"}],"predecessor-version":[{"id":3325,"href":"https:\/\/lagunadog.eu\/index.php\/wp-json\/wp\/v2\/pages\/1722\/revisions\/3325"}],"wp:attachment":[{"href":"https:\/\/lagunadog.eu\/index.php\/wp-json\/wp\/v2\/media?parent=1722"}],"curies":[{"name":"wp","href":"https:\/\/api.w.org\/{rel}","templated":true}]}}