{"id":1693,"date":"2024-08-18T23:57:07","date_gmt":"2024-08-18T21:57:07","guid":{"rendered":"https:\/\/lagunadog.eu\/?page_id=1693"},"modified":"2025-09-05T19:38:24","modified_gmt":"2025-09-05T17:38:24","slug":"diamond-desmond-hvezdna-laguna","status":"publish","type":"page","link":"https:\/\/lagunadog.eu\/index.php\/diamond-desmond-hvezdna-laguna\/","title":{"rendered":"DIAMOND DESMOND Hv\u011bzdn\u00e1 laguna"},"content":{"rendered":"\n<p><strong>r.BISS<\/strong>, <strong>BISS3<\/strong>, <strong>\u010cesk\u00fd GrandChampion<\/strong>, <strong>Champion \u010cMKU,<\/strong> <strong>Czech Champion,<\/strong> <strong>Slovakian Club Champion<\/strong>, <strong>Club Winner SKBO + BOB<\/strong>, <strong>Club Winner KCHBO + BOB \u00b425,<\/strong> <strong>Slovakian Specialty Winner +BOB &#8217;24<\/strong>, 10x <strong>BOB<\/strong>, 5x <strong>BOS<\/strong>, 4x <strong>Czech National Winner<\/strong>, <strong>Crufts. Q. \u00b426<\/strong><\/p>\n\n\n\n<p class=\"has-medium-font-size\"><strong>DIAMOND DESMOND Hv\u011bzdn\u00e1 laguna<\/strong><\/p>\n\n\n\n<figure class=\"wp-block-image size-large\"><img loading=\"lazy\" decoding=\"async\" width=\"1024\" height=\"683\" src=\"https:\/\/lagunadog.eu\/wp-content\/uploads\/2024\/10\/image-9-1024x683.png\" alt=\"\" class=\"wp-image-2013\" srcset=\"https:\/\/lagunadog.eu\/wp-content\/uploads\/2024\/10\/image-9-1024x683.png 1024w, https:\/\/lagunadog.eu\/wp-content\/uploads\/2024\/10\/image-9-300x200.png 300w, https:\/\/lagunadog.eu\/wp-content\/uploads\/2024\/10\/image-9-768x512.png 768w, https:\/\/lagunadog.eu\/wp-content\/uploads\/2024\/10\/image-9-1536x1024.png 1536w, https:\/\/lagunadog.eu\/wp-content\/uploads\/2024\/10\/image-9.png 2048w\" sizes=\"(max-width: 1024px) 100vw, 1024px\" \/><figcaption class=\"wp-element-caption\">10\/2024<\/figcaption><\/figure>\n\n\n\n<figure class=\"wp-block-gallery has-nested-images columns-default is-cropped wp-block-gallery-1 is-layout-flex wp-block-gallery-is-layout-flex\">\n<figure data-wp-context=\"{ &quot;core&quot;:\n\t\t\t\t{ &quot;image&quot;:\n\t\t\t\t\t{   &quot;imageLoaded&quot;: false,\n\t\t\t\t\t\t&quot;initialized&quot;: false,\n\t\t\t\t\t\t&quot;lightboxEnabled&quot;: false,\n\t\t\t\t\t\t&quot;hideAnimationEnabled&quot;: false,\n\t\t\t\t\t\t&quot;preloadInitialized&quot;: false,\n\t\t\t\t\t\t&quot;lightboxAnimation&quot;: &quot;zoom&quot;,\n\t\t\t\t\t\t&quot;imageUploadedSrc&quot;: &quot;https:\/\/lagunadog.eu\/wp-content\/uploads\/2024\/07\/image-56.png&quot;,\n\t\t\t\t\t\t&quot;imageCurrentSrc&quot;: &quot;&quot;,\n\t\t\t\t\t\t&quot;targetWidth&quot;: &quot;1200&quot;,\n\t\t\t\t\t\t&quot;targetHeight&quot;: &quot;1800&quot;,\n\t\t\t\t\t\t&quot;scaleAttr&quot;: &quot;&quot;,\n\t\t\t\t\t\t&quot;dialogLabel&quot;: &quot;Zv\u011bt\u0161en\u00fd obr\u00e1zek&quot;\n\t\t\t\t\t}\n\t\t\t\t}\n\t\t\t}\" data-wp-interactive class=\"wp-block-image size-large wp-lightbox-container\"><img loading=\"lazy\" decoding=\"async\" width=\"683\" height=\"1024\" data-wp-effect--setStylesOnResize=\"effects.core.image.setStylesOnResize\" data-wp-effect=\"effects.core.image.setButtonStyles\" data-wp-init=\"effects.core.image.initOriginImage\" data-wp-on--click=\"actions.core.image.showLightbox\" data-wp-on--load=\"actions.core.image.handleLoad\" data-id=\"408\" src=\"https:\/\/lagunadog.eu\/wp-content\/uploads\/2024\/07\/image-56-683x1024.png\" alt=\"\" class=\"wp-image-408\" srcset=\"https:\/\/lagunadog.eu\/wp-content\/uploads\/2024\/07\/image-56-683x1024.png 683w, https:\/\/lagunadog.eu\/wp-content\/uploads\/2024\/07\/image-56-200x300.png 200w, https:\/\/lagunadog.eu\/wp-content\/uploads\/2024\/07\/image-56-768x1152.png 768w, https:\/\/lagunadog.eu\/wp-content\/uploads\/2024\/07\/image-56-1024x1536.png 1024w, https:\/\/lagunadog.eu\/wp-content\/uploads\/2024\/07\/image-56.png 1200w\" sizes=\"(max-width: 683px) 100vw, 683px\" \/><button\n\t\t\tclass=\"lightbox-trigger\"\n\t\t\ttype=\"button\"\n\t\t\taria-haspopup=\"dialog\"\n\t\t\taria-label=\"Zv\u011bt\u0161it obr\u00e1zek\"\n\t\t\tdata-wp-on--click=\"actions.core.image.showLightbox\"\n\t\t\tdata-wp-style--right=\"context.core.image.imageButtonRight\"\n\t\t\tdata-wp-style--top=\"context.core.image.imageButtonTop\"\n\t\t>\n\t\t\t<svg xmlns=\"http:\/\/www.w3.org\/2000\/svg\" width=\"12\" height=\"12\" fill=\"none\" viewBox=\"0 0 12 12\">\n\t\t\t\t<path fill=\"#fff\" d=\"M2 0a2 2 0 0 0-2 2v2h1.5V2a.5.5 0 0 1 .5-.5h2V0H2Zm2 10.5H2a.5.5 0 0 1-.5-.5V8H0v2a2 2 0 0 0 2 2h2v-1.5ZM8 12v-1.5h2a.5.5 0 0 0 .5-.5V8H12v2a2 2 0 0 1-2 2H8Zm2-12a2 2 0 0 1 2 2v2h-1.5V2a.5.5 0 0 0-.5-.5H8V0h2Z\" \/>\n\t\t\t<\/svg>\n\t\t<\/button>        <div data-wp-body=\"\" class=\"wp-lightbox-overlay zoom\"\n            data-wp-bind--role=\"selectors.core.image.roleAttribute\"\n            data-wp-bind--aria-label=\"selectors.core.image.dialogLabel\"\n            data-wp-class--initialized=\"context.core.image.initialized\"\n            data-wp-class--active=\"context.core.image.lightboxEnabled\"\n            data-wp-class--hideAnimationEnabled=\"context.core.image.hideAnimationEnabled\"\n            data-wp-bind--aria-modal=\"selectors.core.image.ariaModal\"\n            data-wp-effect=\"effects.core.image.initLightbox\"\n            data-wp-on--keydown=\"actions.core.image.handleKeydown\"\n            data-wp-on--touchstart=\"actions.core.image.handleTouchStart\"\n            data-wp-on--touchmove=\"actions.core.image.handleTouchMove\"\n            data-wp-on--touchend=\"actions.core.image.handleTouchEnd\"\n            data-wp-on--click=\"actions.core.image.hideLightbox\"\n            tabindex=\"-1\"\n            >\n                <button type=\"button\" aria-label=\"Zav\u0159\u00edt\" style=\"fill: #000\" class=\"close-button\" data-wp-on--click=\"actions.core.image.hideLightbox\">\n                    <svg xmlns=\"http:\/\/www.w3.org\/2000\/svg\" viewBox=\"0 0 24 24\" width=\"20\" height=\"20\" aria-hidden=\"true\" focusable=\"false\"><path d=\"M13 11.8l6.1-6.3-1-1-6.1 6.2-6.1-6.2-1 1 6.1 6.3-6.5 6.7 1 1 6.5-6.6 6.5 6.6 1-1z\"><\/path><\/svg>\n                <\/button>\n                <div class=\"lightbox-image-container\">\n<figure class=\"wp-block-image size-large responsive-image\"><img decoding=\"async\" data-wp-bind--src=\"context.core.image.imageCurrentSrc\" data-wp-style--object-fit=\"selectors.core.image.lightboxObjectFit\" data-id=\"408\" src=\"\" alt=\"\" class=\"wp-image-408\"\/><\/figure>\n<\/div>\n                <div class=\"lightbox-image-container\">\n<figure class=\"wp-block-image size-large enlarged-image\"><img decoding=\"async\" data-wp-bind--src=\"selectors.core.image.enlargedImgSrc\" data-wp-style--object-fit=\"selectors.core.image.lightboxObjectFit\" data-id=\"408\" src=\"\" alt=\"\" class=\"wp-image-408\"\/><\/figure>\n<\/div>\n                <div class=\"scrim\" style=\"background-color: #fff\" aria-hidden=\"true\"><\/div>\n        <\/div><\/figure>\n\n\n\n<figure data-wp-context=\"{ &quot;core&quot;:\n\t\t\t\t{ &quot;image&quot;:\n\t\t\t\t\t{   &quot;imageLoaded&quot;: false,\n\t\t\t\t\t\t&quot;initialized&quot;: false,\n\t\t\t\t\t\t&quot;lightboxEnabled&quot;: false,\n\t\t\t\t\t\t&quot;hideAnimationEnabled&quot;: false,\n\t\t\t\t\t\t&quot;preloadInitialized&quot;: false,\n\t\t\t\t\t\t&quot;lightboxAnimation&quot;: &quot;zoom&quot;,\n\t\t\t\t\t\t&quot;imageUploadedSrc&quot;: &quot;https:\/\/lagunadog.eu\/wp-content\/uploads\/2024\/10\/image-13.png&quot;,\n\t\t\t\t\t\t&quot;imageCurrentSrc&quot;: &quot;&quot;,\n\t\t\t\t\t\t&quot;targetWidth&quot;: &quot;1246&quot;,\n\t\t\t\t\t\t&quot;targetHeight&quot;: &quot;1800&quot;,\n\t\t\t\t\t\t&quot;scaleAttr&quot;: &quot;&quot;,\n\t\t\t\t\t\t&quot;dialogLabel&quot;: &quot;Zv\u011bt\u0161en\u00fd obr\u00e1zek&quot;\n\t\t\t\t\t}\n\t\t\t\t}\n\t\t\t}\" data-wp-interactive class=\"wp-block-image size-large wp-lightbox-container\"><img loading=\"lazy\" decoding=\"async\" width=\"709\" height=\"1024\" data-wp-effect--setStylesOnResize=\"effects.core.image.setStylesOnResize\" data-wp-effect=\"effects.core.image.setButtonStyles\" data-wp-init=\"effects.core.image.initOriginImage\" data-wp-on--click=\"actions.core.image.showLightbox\" data-wp-on--load=\"actions.core.image.handleLoad\" data-id=\"2060\" src=\"https:\/\/lagunadog.eu\/wp-content\/uploads\/2024\/10\/image-13-709x1024.png\" alt=\"\" class=\"wp-image-2060\" srcset=\"https:\/\/lagunadog.eu\/wp-content\/uploads\/2024\/10\/image-13-709x1024.png 709w, https:\/\/lagunadog.eu\/wp-content\/uploads\/2024\/10\/image-13-208x300.png 208w, https:\/\/lagunadog.eu\/wp-content\/uploads\/2024\/10\/image-13-768x1109.png 768w, https:\/\/lagunadog.eu\/wp-content\/uploads\/2024\/10\/image-13-1063x1536.png 1063w, https:\/\/lagunadog.eu\/wp-content\/uploads\/2024\/10\/image-13.png 1246w\" sizes=\"(max-width: 709px) 100vw, 709px\" \/><button\n\t\t\tclass=\"lightbox-trigger\"\n\t\t\ttype=\"button\"\n\t\t\taria-haspopup=\"dialog\"\n\t\t\taria-label=\"Zv\u011bt\u0161it obr\u00e1zek\"\n\t\t\tdata-wp-on--click=\"actions.core.image.showLightbox\"\n\t\t\tdata-wp-style--right=\"context.core.image.imageButtonRight\"\n\t\t\tdata-wp-style--top=\"context.core.image.imageButtonTop\"\n\t\t>\n\t\t\t<svg xmlns=\"http:\/\/www.w3.org\/2000\/svg\" width=\"12\" height=\"12\" fill=\"none\" viewBox=\"0 0 12 12\">\n\t\t\t\t<path fill=\"#fff\" d=\"M2 0a2 2 0 0 0-2 2v2h1.5V2a.5.5 0 0 1 .5-.5h2V0H2Zm2 10.5H2a.5.5 0 0 1-.5-.5V8H0v2a2 2 0 0 0 2 2h2v-1.5ZM8 12v-1.5h2a.5.5 0 0 0 .5-.5V8H12v2a2 2 0 0 1-2 2H8Zm2-12a2 2 0 0 1 2 2v2h-1.5V2a.5.5 0 0 0-.5-.5H8V0h2Z\" \/>\n\t\t\t<\/svg>\n\t\t<\/button>        <div data-wp-body=\"\" class=\"wp-lightbox-overlay zoom\"\n            data-wp-bind--role=\"selectors.core.image.roleAttribute\"\n            data-wp-bind--aria-label=\"selectors.core.image.dialogLabel\"\n            data-wp-class--initialized=\"context.core.image.initialized\"\n            data-wp-class--active=\"context.core.image.lightboxEnabled\"\n            data-wp-class--hideAnimationEnabled=\"context.core.image.hideAnimationEnabled\"\n            data-wp-bind--aria-modal=\"selectors.core.image.ariaModal\"\n            data-wp-effect=\"effects.core.image.initLightbox\"\n            data-wp-on--keydown=\"actions.core.image.handleKeydown\"\n            data-wp-on--touchstart=\"actions.core.image.handleTouchStart\"\n            data-wp-on--touchmove=\"actions.core.image.handleTouchMove\"\n            data-wp-on--touchend=\"actions.core.image.handleTouchEnd\"\n            data-wp-on--click=\"actions.core.image.hideLightbox\"\n            tabindex=\"-1\"\n            >\n                <button type=\"button\" aria-label=\"Zav\u0159\u00edt\" style=\"fill: #000\" class=\"close-button\" data-wp-on--click=\"actions.core.image.hideLightbox\">\n                    <svg xmlns=\"http:\/\/www.w3.org\/2000\/svg\" viewBox=\"0 0 24 24\" width=\"20\" height=\"20\" aria-hidden=\"true\" focusable=\"false\"><path d=\"M13 11.8l6.1-6.3-1-1-6.1 6.2-6.1-6.2-1 1 6.1 6.3-6.5 6.7 1 1 6.5-6.6 6.5 6.6 1-1z\"><\/path><\/svg>\n                <\/button>\n                <div class=\"lightbox-image-container\">\n<figure class=\"wp-block-image size-large responsive-image\"><img decoding=\"async\" data-wp-bind--src=\"context.core.image.imageCurrentSrc\" data-wp-style--object-fit=\"selectors.core.image.lightboxObjectFit\" data-id=\"2060\" src=\"\" alt=\"\" class=\"wp-image-2060\"\/><\/figure>\n<\/div>\n                <div class=\"lightbox-image-container\">\n<figure class=\"wp-block-image size-large enlarged-image\"><img decoding=\"async\" data-wp-bind--src=\"selectors.core.image.enlargedImgSrc\" data-wp-style--object-fit=\"selectors.core.image.lightboxObjectFit\" data-id=\"2060\" src=\"\" alt=\"\" class=\"wp-image-2060\"\/><\/figure>\n<\/div>\n                <div class=\"scrim\" style=\"background-color: #fff\" aria-hidden=\"true\"><\/div>\n        <\/div><\/figure>\n\n\n\n<figure data-wp-context=\"{ &quot;core&quot;:\n\t\t\t\t{ &quot;image&quot;:\n\t\t\t\t\t{   &quot;imageLoaded&quot;: false,\n\t\t\t\t\t\t&quot;initialized&quot;: false,\n\t\t\t\t\t\t&quot;lightboxEnabled&quot;: false,\n\t\t\t\t\t\t&quot;hideAnimationEnabled&quot;: false,\n\t\t\t\t\t\t&quot;preloadInitialized&quot;: false,\n\t\t\t\t\t\t&quot;lightboxAnimation&quot;: &quot;zoom&quot;,\n\t\t\t\t\t\t&quot;imageUploadedSrc&quot;: &quot;https:\/\/lagunadog.eu\/wp-content\/uploads\/2024\/07\/image-23.png&quot;,\n\t\t\t\t\t\t&quot;imageCurrentSrc&quot;: &quot;&quot;,\n\t\t\t\t\t\t&quot;targetWidth&quot;: &quot;1235&quot;,\n\t\t\t\t\t\t&quot;targetHeight&quot;: &quot;1800&quot;,\n\t\t\t\t\t\t&quot;scaleAttr&quot;: &quot;&quot;,\n\t\t\t\t\t\t&quot;dialogLabel&quot;: &quot;Zv\u011bt\u0161en\u00fd obr\u00e1zek&quot;\n\t\t\t\t\t}\n\t\t\t\t}\n\t\t\t}\" data-wp-interactive class=\"wp-block-image size-large wp-lightbox-container\"><img loading=\"lazy\" decoding=\"async\" width=\"703\" height=\"1024\" data-wp-effect--setStylesOnResize=\"effects.core.image.setStylesOnResize\" data-wp-effect=\"effects.core.image.setButtonStyles\" data-wp-init=\"effects.core.image.initOriginImage\" data-wp-on--click=\"actions.core.image.showLightbox\" data-wp-on--load=\"actions.core.image.handleLoad\" data-id=\"258\" src=\"https:\/\/lagunadog.eu\/wp-content\/uploads\/2024\/07\/image-23-703x1024.png\" alt=\"\" class=\"wp-image-258\" srcset=\"https:\/\/lagunadog.eu\/wp-content\/uploads\/2024\/07\/image-23-703x1024.png 703w, https:\/\/lagunadog.eu\/wp-content\/uploads\/2024\/07\/image-23-206x300.png 206w, https:\/\/lagunadog.eu\/wp-content\/uploads\/2024\/07\/image-23-768x1119.png 768w, https:\/\/lagunadog.eu\/wp-content\/uploads\/2024\/07\/image-23-1054x1536.png 1054w, https:\/\/lagunadog.eu\/wp-content\/uploads\/2024\/07\/image-23.png 1235w\" sizes=\"(max-width: 703px) 100vw, 703px\" \/><button\n\t\t\tclass=\"lightbox-trigger\"\n\t\t\ttype=\"button\"\n\t\t\taria-haspopup=\"dialog\"\n\t\t\taria-label=\"Zv\u011bt\u0161it obr\u00e1zek\"\n\t\t\tdata-wp-on--click=\"actions.core.image.showLightbox\"\n\t\t\tdata-wp-style--right=\"context.core.image.imageButtonRight\"\n\t\t\tdata-wp-style--top=\"context.core.image.imageButtonTop\"\n\t\t>\n\t\t\t<svg xmlns=\"http:\/\/www.w3.org\/2000\/svg\" width=\"12\" height=\"12\" fill=\"none\" viewBox=\"0 0 12 12\">\n\t\t\t\t<path fill=\"#fff\" d=\"M2 0a2 2 0 0 0-2 2v2h1.5V2a.5.5 0 0 1 .5-.5h2V0H2Zm2 10.5H2a.5.5 0 0 1-.5-.5V8H0v2a2 2 0 0 0 2 2h2v-1.5ZM8 12v-1.5h2a.5.5 0 0 0 .5-.5V8H12v2a2 2 0 0 1-2 2H8Zm2-12a2 2 0 0 1 2 2v2h-1.5V2a.5.5 0 0 0-.5-.5H8V0h2Z\" \/>\n\t\t\t<\/svg>\n\t\t<\/button>        <div data-wp-body=\"\" class=\"wp-lightbox-overlay zoom\"\n            data-wp-bind--role=\"selectors.core.image.roleAttribute\"\n            data-wp-bind--aria-label=\"selectors.core.image.dialogLabel\"\n            data-wp-class--initialized=\"context.core.image.initialized\"\n            data-wp-class--active=\"context.core.image.lightboxEnabled\"\n            data-wp-class--hideAnimationEnabled=\"context.core.image.hideAnimationEnabled\"\n            data-wp-bind--aria-modal=\"selectors.core.image.ariaModal\"\n            data-wp-effect=\"effects.core.image.initLightbox\"\n            data-wp-on--keydown=\"actions.core.image.handleKeydown\"\n            data-wp-on--touchstart=\"actions.core.image.handleTouchStart\"\n            data-wp-on--touchmove=\"actions.core.image.handleTouchMove\"\n            data-wp-on--touchend=\"actions.core.image.handleTouchEnd\"\n            data-wp-on--click=\"actions.core.image.hideLightbox\"\n            tabindex=\"-1\"\n            >\n                <button type=\"button\" aria-label=\"Zav\u0159\u00edt\" style=\"fill: #000\" class=\"close-button\" data-wp-on--click=\"actions.core.image.hideLightbox\">\n                    <svg xmlns=\"http:\/\/www.w3.org\/2000\/svg\" viewBox=\"0 0 24 24\" width=\"20\" height=\"20\" aria-hidden=\"true\" focusable=\"false\"><path d=\"M13 11.8l6.1-6.3-1-1-6.1 6.2-6.1-6.2-1 1 6.1 6.3-6.5 6.7 1 1 6.5-6.6 6.5 6.6 1-1z\"><\/path><\/svg>\n                <\/button>\n                <div class=\"lightbox-image-container\">\n<figure class=\"wp-block-image size-large responsive-image\"><img decoding=\"async\" data-wp-bind--src=\"context.core.image.imageCurrentSrc\" data-wp-style--object-fit=\"selectors.core.image.lightboxObjectFit\" data-id=\"258\" src=\"\" alt=\"\" class=\"wp-image-258\"\/><\/figure>\n<\/div>\n                <div class=\"lightbox-image-container\">\n<figure class=\"wp-block-image size-large enlarged-image\"><img decoding=\"async\" data-wp-bind--src=\"selectors.core.image.enlargedImgSrc\" data-wp-style--object-fit=\"selectors.core.image.lightboxObjectFit\" data-id=\"258\" src=\"\" alt=\"\" class=\"wp-image-258\"\/><\/figure>\n<\/div>\n                <div class=\"scrim\" style=\"background-color: #fff\" aria-hidden=\"true\"><\/div>\n        <\/div><\/figure>\n<\/figure>\n\n\n\n<div style=\"height:30px\" aria-hidden=\"true\" class=\"wp-block-spacer\"><\/div>\n\n\n\n<div style=\"height:20px\" aria-hidden=\"true\" class=\"wp-block-spacer\"><\/div>\n\n\n\n<div class=\"wp-block-columns is-layout-flex wp-container-core-columns-layout-1 wp-block-columns-is-layout-flex\">\n<div class=\"wp-block-column is-layout-flow wp-block-column-is-layout-flow\" style=\"flex-basis:60%\">\n<p><strong>Male<\/strong>, DOB: 29.06.2022<br>sire:&nbsp;<a href=\"http:\/\/kchbo.com\/genealogie\/genealogie.php?strana=1&amp;topMenu=14&amp;cat=14&amp;gPage=1&amp;gName=&amp;gSearch=&amp;gCmku=1&amp;gAct=detail&amp;action=home&amp;ID=58538\" target=\"_blank\" rel=\"noreferrer noopener\">IntCh, EW., MCh. <strong>COLOURLESS SHADOW Groenoir<\/strong><\/a> CANT, BH, IBGH1, ZM, ZOP,&nbsp;IBGH2, ZZO, ZVV1, ZPU-1, ZPU-2, IGP1, IGP2<br>dam:&nbsp;<a href=\"https:\/\/lagunadog.eu\/index.php\/zany\/\">GrCh, Ch, ClubW <strong>LITTLE BLACK PRINCESS des Gardiens de Cocagne<\/strong><\/a><\/p>\n\n\n\n<div style=\"height:10px\" aria-hidden=\"true\" class=\"wp-block-spacer\"><\/div>\n\n\n\n<div class=\"wp-block-group is-layout-constrained wp-block-group-is-layout-constrained\"><div class=\"wp-block-group__inner-container\">\n<p><strong>HEALTH INFO:<\/strong><br><strong>CJM: <\/strong>Mother CJM N\/N<br>Teeth: Full dented, scisors bite<br>Epilepsy FREE<\/p>\n<\/div><\/div>\n<\/div>\n\n\n\n<div class=\"wp-block-column is-vertically-aligned-top is-layout-flow wp-block-column-is-layout-flow\" style=\"flex-basis:33.33%\">\n<ul>\n<li><strong>res. Club Best In Show<\/strong> \u00b425<\/li>\n\n\n\n<li><strong>Specialty Best In Show 3<\/strong>rd \u00b424<\/li>\n\n\n\n<li><strong>Club Winner (SKBO) +BOB <\/strong>\u00b425<br>(Ing.Beata Stybrova)<\/li>\n\n\n\n<li><strong>Club Winner (KCHBO) +BOB <\/strong>\u00b425 (Mary Grove, 23groens entered)<\/li>\n\n\n\n<li><strong>Slovakian Specialty Winner +BOB &#8217;24<\/strong><\/li>\n\n\n\n<li><strong>Slovakian Club Champion<\/strong><\/li>\n\n\n\n<li><strong>Czech Grand Champion<\/strong><\/li>\n\n\n\n<li><strong>Czech Champion<\/strong><\/li>\n\n\n\n<li><strong>Champion \u010cMKU<\/strong><\/li>\n\n\n\n<li>4x <strong>Czech National Winner<\/strong><\/li>\n\n\n\n<li>10x BOB \/ 5x BOS \/  BOJ<\/li>\n\n\n\n<li>5x CACIB (CZ, P)<\/li>\n\n\n\n<li>9x CAC CZ \/ 3x CWC \/ 2x CAC SK<\/li>\n\n\n\n<li>2xres.CAC<\/li>\n\n\n\n<li>8x CAC-CMKU<\/li>\n\n\n\n<li>3x\u010cK\u0160 (CZ, SK)<\/li>\n\n\n\n<li>Crufts Qual. \u00b426<\/li>\n\n\n\n<li>CAJC<\/li>\n<\/ul>\n<\/div>\n<\/div>\n\n\n\n<div class=\"wp-block-buttons is-horizontal is-content-justification-left is-layout-flex wp-container-core-buttons-layout-1 wp-block-buttons-is-layout-flex\">\n<div class=\"wp-block-button is-style-fill\"><a class=\"wp-block-button__link wp-element-button\" href=\"https:\/\/lagunadog.eu\/index.php\/desmond-show\/\">Show Results<\/a><\/div>\n\n\n\n<div class=\"wp-block-button is-style-fill\"><a class=\"wp-block-button__link wp-element-button\">Galerry<\/a><\/div>\n\n\n\n<div class=\"wp-block-button is-style-fill\"><a class=\"wp-block-button__link wp-element-button\" href=\"https:\/\/belgianshepherd.breedarchive.com\/animal\/view\/diamond-desmond-hvezdna-laguna-8a2d8aed-83ae-4618-bbdb-1ac19b454e4e\" target=\"_blank\" rel=\"noreferrer noopener\">Full Pedigree<\/a><\/div>\n\n\n\n<div class=\"wp-block-button is-style-fill\"><a class=\"wp-block-button__link wp-element-button\" href=\"https:\/\/lagunadog.eu\/index.php\/d2-litter-hl\/\">D litter info<\/a><\/div>\n<\/div>\n\n\n\n<div style=\"height:30px\" aria-hidden=\"true\" class=\"wp-block-spacer\"><\/div>\n\n\n\n<figure class=\"wp-block-image size-full\"><a href=\"https:\/\/belgianshepherd.breedarchive.com\/animal\/view\/diamond-desmond-hvezdna-laguna-8a2d8aed-83ae-4618-bbdb-1ac19b454e4e\" target=\"_blank\" rel=\"noreferrer noopener\"><img loading=\"lazy\" decoding=\"async\" width=\"1001\" height=\"378\" src=\"https:\/\/lagunadog.eu\/wp-content\/uploads\/2024\/07\/image-59.png\" alt=\"\" class=\"wp-image-425\" srcset=\"https:\/\/lagunadog.eu\/wp-content\/uploads\/2024\/07\/image-59.png 1001w, https:\/\/lagunadog.eu\/wp-content\/uploads\/2024\/07\/image-59-300x113.png 300w, https:\/\/lagunadog.eu\/wp-content\/uploads\/2024\/07\/image-59-768x290.png 768w\" sizes=\"(max-width: 1001px) 100vw, 1001px\" \/><\/a><\/figure>\n\n\n\n<p><\/p>\n\n\n\n<figure class=\"wp-block-gallery has-nested-images columns-default is-cropped wp-block-gallery-2 is-layout-flex wp-block-gallery-is-layout-flex\">\n<figure class=\"wp-block-image size-large\"><img loading=\"lazy\" decoding=\"async\" width=\"1024\" height=\"683\" data-id=\"1873\" src=\"https:\/\/lagunadog.eu\/wp-content\/uploads\/2024\/09\/image-1024x683.png\" alt=\"\" class=\"wp-image-1873\" srcset=\"https:\/\/lagunadog.eu\/wp-content\/uploads\/2024\/09\/image-1024x683.png 1024w, https:\/\/lagunadog.eu\/wp-content\/uploads\/2024\/09\/image-300x200.png 300w, https:\/\/lagunadog.eu\/wp-content\/uploads\/2024\/09\/image-768x512.png 768w, https:\/\/lagunadog.eu\/wp-content\/uploads\/2024\/09\/image-1536x1024.png 1536w, https:\/\/lagunadog.eu\/wp-content\/uploads\/2024\/09\/image.png 2048w\" sizes=\"(max-width: 1024px) 100vw, 1024px\" \/><figcaption class=\"wp-element-caption\">09 \/ 2024<\/figcaption><\/figure>\n<\/figure>\n\n\n\n<div style=\"height:30px\" aria-hidden=\"true\" class=\"wp-block-spacer\"><\/div>\n\n\n\n<figure class=\"wp-block-image size-full\"><img loading=\"lazy\" decoding=\"async\" width=\"1024\" height=\"694\" src=\"https:\/\/lagunadog.eu\/wp-content\/uploads\/2024\/07\/image-90.png\" alt=\"\" class=\"wp-image-689\" srcset=\"https:\/\/lagunadog.eu\/wp-content\/uploads\/2024\/07\/image-90.png 1024w, https:\/\/lagunadog.eu\/wp-content\/uploads\/2024\/07\/image-90-300x203.png 300w, https:\/\/lagunadog.eu\/wp-content\/uploads\/2024\/07\/image-90-768x521.png 768w\" sizes=\"(max-width: 1024px) 100vw, 1024px\" \/><figcaption class=\"wp-element-caption\">07 \/ 2024<\/figcaption><\/figure>\n","protected":false},"excerpt":{"rendered":"<p>r.BISS, BISS3, \u010cesk\u00fd GrandChampion, Champion \u010cMKU, Czech Champion, Slovakian Club Champion, Club Winner SKBO + BOB, Club Winner KCHBO + BOB \u00b425, Slovakian Specialty Winner +BOB &#8217;24, 10x BOB, 5x &#8230;<\/p>\n","protected":false},"author":1,"featured_media":0,"parent":0,"menu_order":0,"comment_status":"closed","ping_status":"closed","template":"","meta":{"footnotes":""},"_links":{"self":[{"href":"https:\/\/lagunadog.eu\/index.php\/wp-json\/wp\/v2\/pages\/1693"}],"collection":[{"href":"https:\/\/lagunadog.eu\/index.php\/wp-json\/wp\/v2\/pages"}],"about":[{"href":"https:\/\/lagunadog.eu\/index.php\/wp-json\/wp\/v2\/types\/page"}],"author":[{"embeddable":true,"href":"https:\/\/lagunadog.eu\/index.php\/wp-json\/wp\/v2\/users\/1"}],"replies":[{"embeddable":true,"href":"https:\/\/lagunadog.eu\/index.php\/wp-json\/wp\/v2\/comments?post=1693"}],"version-history":[{"count":39,"href":"https:\/\/lagunadog.eu\/index.php\/wp-json\/wp\/v2\/pages\/1693\/revisions"}],"predecessor-version":[{"id":3429,"href":"https:\/\/lagunadog.eu\/index.php\/wp-json\/wp\/v2\/pages\/1693\/revisions\/3429"}],"wp:attachment":[{"href":"https:\/\/lagunadog.eu\/index.php\/wp-json\/wp\/v2\/media?parent=1693"}],"curies":[{"name":"wp","href":"https:\/\/api.w.org\/{rel}","templated":true}]}}