{"id":1679,"date":"2024-08-18T22:58:33","date_gmt":"2024-08-18T20:58:33","guid":{"rendered":"https:\/\/lagunadog.eu\/?page_id=1679"},"modified":"2025-07-21T20:05:34","modified_gmt":"2025-07-21T18:05:34","slug":"desmond-show","status":"publish","type":"page","link":"https:\/\/lagunadog.eu\/index.php\/desmond-show\/","title":{"rendered":"DIAMOND DESMOND Hv\u011bzdn\u00e1 laguna \/ SHOW RESULTS"},"content":{"rendered":"\n<p><strong>r.BISS<\/strong>, <strong>BISS3<\/strong>, <strong>\u010cesk\u00fd GrandChampion<\/strong>, <strong>Champion \u010cMKU,<\/strong> <strong>Czech Champion,<\/strong> <strong>Slovakian Club Champion<\/strong>, <strong>Club Winner SKBO + BOB<\/strong>, <strong>Club Winner KCHBO + BOB \u00b425,<\/strong> <strong>Slovakian Specialty Winner +BOB &#8217;24<\/strong>, <strong>Czech National Winner<\/strong>, <strong>Crufts. Q. \u00b426<\/strong><\/p>\n\n\n\n<p class=\"has-medium-font-size\"><strong><a href=\"https:\/\/lagunadog.eu\/index.php\/diamond-desmond-hvezdna-laguna\/\">DIAMOND DESMOND Hv\u011bzdn\u00e1 laguna<\/a><\/strong> \/ SHOW RESULTS<\/p>\n\n\n\n<div class=\"wp-block-buttons is-content-justification-right is-layout-flex wp-container-core-buttons-layout-1 wp-block-buttons-is-layout-flex\">\n<div class=\"wp-block-button\"><a class=\"wp-block-button__link wp-element-button\" href=\"https:\/\/lagunadog.eu\/index.php\/diamond-desmond-hvezdna-laguna\/\">Personal page<\/a><\/div>\n\n\n\n<div class=\"wp-block-button\"><a class=\"wp-block-button__link wp-element-button\">Photo Gallery<\/a><\/div>\n\n\n\n<div class=\"wp-block-button\"><a class=\"wp-block-button__link wp-element-button\" href=\"https:\/\/belgianshepherd.breedarchive.com\/animal\/view\/diamond-desmond-hvezdna-laguna-8a2d8aed-83ae-4618-bbdb-1ac19b454e4e\" target=\"_blank\" rel=\"noreferrer noopener\">Pedigre<\/a><\/div>\n\n\n\n<div class=\"wp-block-button\"><a class=\"wp-block-button__link wp-element-button\" href=\"https:\/\/lagunadog.eu\/index.php\/d2-litter-hl\/\">D Litter info<\/a><\/div>\n<\/div>\n\n\n\n<div style=\"height:40px\" aria-hidden=\"true\" class=\"wp-block-spacer\"><\/div>\n\n\n\n<figure class=\"wp-block-table is-style-stripes\"><table><thead><tr><th class=\"has-text-align-left\" data-align=\"left\">DATE<\/th><th class=\"has-text-align-left\" data-align=\"left\">SHOW<\/th><th class=\"has-text-align-center\" data-align=\"center\"><\/th><th class=\"has-text-align-center\" data-align=\"center\">JUDGE<\/th><th class=\"has-text-align-center\" data-align=\"center\">class<\/th><th class=\"has-text-align-right\" data-align=\"right\">RESULT<\/th><\/tr><\/thead><tbody><tr><td class=\"has-text-align-left\" data-align=\"left\">19.7.2025.<\/td><td class=\"has-text-align-left\" data-align=\"left\">NDS, Mlada Boleslav<\/td><td class=\"has-text-align-center\" data-align=\"center\">CZ<\/td><td class=\"has-text-align-center\" data-align=\"center\">Milan Krinke (CZ)<\/td><td class=\"has-text-align-center\" data-align=\"center\">Winner<\/td><td class=\"has-text-align-right\" data-align=\"right\"><strong>BOB, National Winner<\/strong><br>CAC-CMKU, CAC<\/td><\/tr><tr><td class=\"has-text-align-left\" data-align=\"left\">28.6.2025<\/td><td class=\"has-text-align-left\" data-align=\"left\">NDS, Klatovy<\/td><td class=\"has-text-align-center\" data-align=\"center\">CZ<\/td><td class=\"has-text-align-center\" data-align=\"center\">Krist\u00fdna Van\u00ed\u010dkov\u00e1 (CZ)<\/td><td class=\"has-text-align-center\" data-align=\"center\">Winner<\/td><td class=\"has-text-align-right\" data-align=\"right\"><strong>BOB, National Winner <\/strong><br>CAC-CMKU, CAC<br>==&gt; <strong>Czech Grand Champion<\/strong><\/td><\/tr><tr><td class=\"has-text-align-left\" data-align=\"left\">21.6.2025<\/td><td class=\"has-text-align-left\" data-align=\"left\">ClubShow, Mal\u00fd Lap\u00e1\u0161,<br>SKBO-Slovakia<\/td><td class=\"has-text-align-center\" data-align=\"center\">SK<\/td><td class=\"has-text-align-center\" data-align=\"center\">Ing. Beata \u0160t\u00fdbrov\u00e1 (CZ)<\/td><td class=\"has-text-align-center\" data-align=\"center\">Champion<\/td><td class=\"has-text-align-right\" data-align=\"right\"><strong>res BEST IN SHOW, BOB <br>Club Winner, \u010cK\u0160<\/strong>, CAC<br>==&gt; <strong>Club Champion<\/strong><br><strong>BEST IN SHOW PAIR<\/strong>&nbsp;with Daddi (1\/5)<\/td><\/tr><tr><td class=\"has-text-align-left\" data-align=\"left\">24.5.2025<\/td><td class=\"has-text-align-left\" data-align=\"left\">IDS, Litom\u011b\u0159ice<\/td><td class=\"has-text-align-center\" data-align=\"center\">CZ<\/td><td class=\"has-text-align-center\" data-align=\"center\">Tereza Knedlhans&nbsp;(CZ)<\/td><td class=\"has-text-align-center\" data-align=\"center\">Champion<\/td><td class=\"has-text-align-right\" data-align=\"right\">CAC, CAC-\u010cMKU, CACIB, <strong>BOB<\/strong><\/td><\/tr><tr><td class=\"has-text-align-left\" data-align=\"left\">11.05.2025<\/td><td class=\"has-text-align-left\" data-align=\"left\">ClubShow, Mlada Boleslav (KCHBO)<\/td><td class=\"has-text-align-center\" data-align=\"center\">CZ<\/td><td class=\"has-text-align-center\" data-align=\"center\">Mary Grove&nbsp;(GB)<\/td><td class=\"has-text-align-center\" data-align=\"center\">Winner<\/td><td class=\"has-text-align-right\" data-align=\"right\">CAC, \u010cK\u0160, <strong>Club Winner, BOB<\/strong><br>==&gt; <strong>Czech Champion<\/strong><br>(23groens entered)<\/td><\/tr><tr><td class=\"has-text-align-left\" data-align=\"left\">11.04.2025<\/td><td class=\"has-text-align-left\" data-align=\"left\">NDS Brno<\/td><td class=\"has-text-align-center\" data-align=\"center\">CZ<\/td><td class=\"has-text-align-center\" data-align=\"center\">Cristian Stefanescu&nbsp;(RO)<\/td><td class=\"has-text-align-center\" data-align=\"center\">Winner<\/td><td class=\"has-text-align-right\" data-align=\"right\">res.CAC<\/td><\/tr><tr><td class=\"has-text-align-left\" data-align=\"left\">10.4.2025<\/td><td class=\"has-text-align-left\" data-align=\"left\">European dog Show, Brno<\/td><td class=\"has-text-align-center\" data-align=\"center\">CZ<\/td><td class=\"has-text-align-center\" data-align=\"center\">Gerard Jipping (NL)<\/td><td class=\"has-text-align-center\" data-align=\"center\">Open<\/td><td class=\"has-text-align-right\" data-align=\"right\">res.CAC<\/td><\/tr><tr><td class=\"has-text-align-left\" data-align=\"left\">16.2.2025<\/td><td class=\"has-text-align-left\" data-align=\"left\">DuoCACIB Brno<\/td><td class=\"has-text-align-center\" data-align=\"center\">CZ<\/td><td class=\"has-text-align-center\" data-align=\"center\">V\u00e1clava Ryb\u00e1rov\u00e1 (CZ)<\/td><td class=\"has-text-align-center\" data-align=\"center\">Open<\/td><td class=\"has-text-align-right\" data-align=\"right\">Excellent 1<\/td><\/tr><tr><td class=\"has-text-align-left\" data-align=\"left\">15.2.2025<\/td><td class=\"has-text-align-left\" data-align=\"left\">DuoCACIB Brno<\/td><td class=\"has-text-align-center\" data-align=\"center\">CZ<\/td><td class=\"has-text-align-center\" data-align=\"center\">Milan Pludra (CZ)<\/td><td class=\"has-text-align-center\" data-align=\"center\">Open<\/td><td class=\"has-text-align-right\" data-align=\"right\">CAC, CAC-CMKU, CACIB, <strong>Crufts.Qual \u00b426, BOS<\/strong><br>==&gt; <strong>Champion \u010cMKU<\/strong><\/td><\/tr><tr><td class=\"has-text-align-left\" data-align=\"left\">11.1.2025<\/td><td class=\"has-text-align-left\" data-align=\"left\">NDS Brno<\/td><td class=\"has-text-align-center\" data-align=\"center\">CZ<\/td><td class=\"has-text-align-center\" data-align=\"center\">Miroslav V\u00e1clav\u00edk (CZ)<\/td><td class=\"has-text-align-center\" data-align=\"center\">Winner<\/td><td class=\"has-text-align-right\" data-align=\"right\">Very Good 2<\/td><\/tr><tr><td class=\"has-text-align-left\" data-align=\"left\">29.11.2024<\/td><td class=\"has-text-align-left\" data-align=\"left\">TrioCACIB Praha<\/td><td class=\"has-text-align-center\" data-align=\"center\">CZ<\/td><td class=\"has-text-align-center\" data-align=\"center\">Ing.Beata \u0160t\u00fdbrov\u00e1 (CZ)<\/td><td class=\"has-text-align-center\" data-align=\"center\">Open<\/td><td class=\"has-text-align-right\" data-align=\"right\">Excellent 1<\/td><\/tr><tr><td class=\"has-text-align-left\" data-align=\"left\">16.11.2024<\/td><td class=\"has-text-align-left\" data-align=\"left\">ClubShow, Beroun KCHBO<\/td><td class=\"has-text-align-center\" data-align=\"center\">CZ<\/td><td class=\"has-text-align-center\" data-align=\"center\">Sonny Strom (SE)<\/td><td class=\"has-text-align-center\" data-align=\"center\">Winner<\/td><td class=\"has-text-align-right\" data-align=\"right\">Very Good 1<\/td><\/tr><tr><td class=\"has-text-align-left\" data-align=\"left\">13.10.2024<\/td><td class=\"has-text-align-left\" data-align=\"left\">IDS \u010cesk\u00e9 Bud\u011bjovice<\/td><td class=\"has-text-align-center\" data-align=\"center\">CZ<\/td><td class=\"has-text-align-center\" data-align=\"center\">Petr \u0158eh\u00e1nek (CZ)<\/td><td class=\"has-text-align-center\" data-align=\"center\">open<\/td><td class=\"has-text-align-right\" data-align=\"right\">CAC, CAC-CMKU, CACIB, <strong>BOB<\/strong><\/td><\/tr><tr><td class=\"has-text-align-left\" data-align=\"left\">14.09.2024<\/td><td class=\"has-text-align-left\" data-align=\"left\">Special, \u010ca\u0148a<\/td><td class=\"has-text-align-center\" data-align=\"center\">SK<\/td><td class=\"has-text-align-center\" data-align=\"center\">Jaroslav Zembjak&nbsp;(SK)<\/td><td class=\"has-text-align-center\" data-align=\"center\">open<\/td><td class=\"has-text-align-right\" data-align=\"right\">CAC, \u010cK\u0160, <strong>Specialty Winner<\/strong>, <strong>BOB<\/strong><br><strong>BEST IN SHOW<\/strong> 3rd<br><strong>BEST IN SHOW PAIR<\/strong> with Daddi<\/td><\/tr><tr><td class=\"has-text-align-left\" data-align=\"left\">17.08.2024<\/td><td class=\"has-text-align-left\" data-align=\"left\"><a href=\"https:\/\/lagunadog.eu\/wp-content\/uploads\/2024\/08\/image-8.png\" target=\"_blank\" rel=\"noreferrer noopener\">IDS Mlad\u00e1 Boleslav<\/a><\/td><td class=\"has-text-align-center\" data-align=\"center\">CZ<\/td><td class=\"has-text-align-center\" data-align=\"center\">Petr \u0158eh\u00e1nek (CZ)<\/td><td class=\"has-text-align-center\" data-align=\"center\">open<\/td><td class=\"has-text-align-right\" data-align=\"right\">CAC, CAC-CMKU, CACIB, <strong>BOS<\/strong><\/td><\/tr><tr><td class=\"has-text-align-left\" data-align=\"left\">20.07.2024<\/td><td class=\"has-text-align-left\" data-align=\"left\">NDS Mlad\u00e1 Boleslav<\/td><td class=\"has-text-align-center\" data-align=\"center\">CZ<\/td><td class=\"has-text-align-center\" data-align=\"center\">Ing. Jana Karhanov\u00e1 (CZ)<\/td><td class=\"has-text-align-center\" data-align=\"center\">open<\/td><td class=\"has-text-align-right\" data-align=\"right\">CAC, CAC-CMKU, <strong>National Winner<\/strong>, <strong>BOS<\/strong><\/td><\/tr><tr><td class=\"has-text-align-left\" data-align=\"left\">07.07.2024<\/td><td class=\"has-text-align-left\" data-align=\"left\">IDS, Wisla<\/td><td class=\"has-text-align-center\" data-align=\"center\">PL<\/td><td class=\"has-text-align-center\" data-align=\"center\">Sebastian Handy&nbsp;(PL)<\/td><td class=\"has-text-align-center\" data-align=\"center\">open<\/td><td class=\"has-text-align-right\" data-align=\"right\">CWC, CACIB, BM, <strong>BOS<\/strong><\/td><\/tr><tr><td class=\"has-text-align-left\" data-align=\"left\">29.06.2024<\/td><td class=\"has-text-align-left\" data-align=\"left\">NDS Klatovy<\/td><td class=\"has-text-align-center\" data-align=\"center\">CZ<\/td><td class=\"has-text-align-center\" data-align=\"center\">Alexandra Grygarov\u00e1&nbsp;(CZ)<\/td><td class=\"has-text-align-center\" data-align=\"center\">intermedia<\/td><td class=\"has-text-align-right\" data-align=\"right\">CAC, CAC-CMKU, <strong>National Winner<\/strong>, <strong>BOB<\/strong><\/td><\/tr><tr><td class=\"has-text-align-left\" data-align=\"left\">19.05.2024<\/td><td class=\"has-text-align-left\" data-align=\"left\">NDS Gniazd\u00f3w<\/td><td class=\"has-text-align-center\" data-align=\"center\">PL<\/td><td class=\"has-text-align-center\" data-align=\"center\">Robert Granecki (PL)<\/td><td class=\"has-text-align-center\" data-align=\"center\">intermedia<\/td><td class=\"has-text-align-right\" data-align=\"right\">CWC, BM, <strong>BOB<\/strong><\/td><\/tr><tr><td class=\"has-text-align-left\" data-align=\"left\">18.05.2024<\/td><td class=\"has-text-align-left\" data-align=\"left\">NDS Gniazd\u00f3w<\/td><td class=\"has-text-align-center\" data-align=\"center\">PL<\/td><td class=\"has-text-align-center\" data-align=\"center\">Daiva Rimaityte (Lt)<\/td><td class=\"has-text-align-center\" data-align=\"center\">intermedia<\/td><td class=\"has-text-align-right\" data-align=\"right\">CWC, BM, <strong>BOS<\/strong><\/td><\/tr><tr><td class=\"has-text-align-left\" data-align=\"left\">02.09.2023<\/td><td class=\"has-text-align-left\" data-align=\"left\">NDS Rybnik<\/td><td class=\"has-text-align-center\" data-align=\"center\">PL<\/td><td class=\"has-text-align-center\" data-align=\"center\">Anna Garbacka-Warecka (PL)<\/td><td class=\"has-text-align-center\" data-align=\"center\">junior<\/td><td class=\"has-text-align-right\" data-align=\"right\">Zw.ml. (CAJC),  NJwR \/ <strong>BOJ<\/strong>, <strong>BOB<\/strong><\/td><\/tr><tr><td class=\"has-text-align-left\" data-align=\"left\">30.04.2023<\/td><td class=\"has-text-align-left\" data-align=\"left\">Regional, Doln\u00ed Bene\u0161ov<\/td><td class=\"has-text-align-center\" data-align=\"center\">CZ<\/td><td class=\"has-text-align-center\" data-align=\"center\">Mgr. Nad\u011b\u017eda St\u0159alkov\u00e1 (CZ)<\/td><td class=\"has-text-align-center\" data-align=\"center\">junior<\/td><td class=\"has-text-align-right\" data-align=\"right\">Excellent 1, Class Winner<\/td><\/tr><\/tbody><\/table><\/figure>\n","protected":false},"excerpt":{"rendered":"<p>r.BISS, BISS3, \u010cesk\u00fd GrandChampion, Champion \u010cMKU, Czech Champion, Slovakian Club Champion, Club Winner SKBO + BOB, Club Winner KCHBO + BOB \u00b425, Slovakian Specialty Winner +BOB &#8217;24, Czech National Winner, &#8230;<\/p>\n","protected":false},"author":1,"featured_media":0,"parent":0,"menu_order":0,"comment_status":"closed","ping_status":"closed","template":"template-fullwidth.php","meta":{"footnotes":""},"_links":{"self":[{"href":"https:\/\/lagunadog.eu\/index.php\/wp-json\/wp\/v2\/pages\/1679"}],"collection":[{"href":"https:\/\/lagunadog.eu\/index.php\/wp-json\/wp\/v2\/pages"}],"about":[{"href":"https:\/\/lagunadog.eu\/index.php\/wp-json\/wp\/v2\/types\/page"}],"author":[{"embeddable":true,"href":"https:\/\/lagunadog.eu\/index.php\/wp-json\/wp\/v2\/users\/1"}],"replies":[{"embeddable":true,"href":"https:\/\/lagunadog.eu\/index.php\/wp-json\/wp\/v2\/comments?post=1679"}],"version-history":[{"count":24,"href":"https:\/\/lagunadog.eu\/index.php\/wp-json\/wp\/v2\/pages\/1679\/revisions"}],"predecessor-version":[{"id":3419,"href":"https:\/\/lagunadog.eu\/index.php\/wp-json\/wp\/v2\/pages\/1679\/revisions\/3419"}],"wp:attachment":[{"href":"https:\/\/lagunadog.eu\/index.php\/wp-json\/wp\/v2\/media?parent=1679"}],"curies":[{"name":"wp","href":"https:\/\/api.w.org\/{rel}","templated":true}]}}