{"id":1618,"date":"2024-08-18T15:17:52","date_gmt":"2024-08-18T13:17:52","guid":{"rendered":"https:\/\/lagunadog.eu\/?page_id=1618"},"modified":"2025-04-27T17:29:49","modified_gmt":"2025-04-27T15:29:49","slug":"daddi-show","status":"publish","type":"page","link":"https:\/\/lagunadog.eu\/index.php\/daddi-show\/","title":{"rendered":"DANATHEA DADDI Hv\u011bzdn\u00e1 laguna\u00a0\/ SHOW RESULTS"},"content":{"rendered":"\n<p><strong>InterChampion C.I.E.<\/strong>, <strong>Czech Champion, CMKU Champion, Polish Champion, Slovakian Club Champion, Polish Junior Champion, Czech Junior Champion,<br>Czech National Winner, Czech Specialty Winner +BOB \u201924, Slovakian Specialty Winner +BOS \u201924, Slovakian Specialty Winner +BOB \u201923, BISS3<\/strong><\/p>\n\n\n\n<p class=\"has-medium-font-size\"><strong><a href=\"https:\/\/lagunadog.eu\/index.php\/danathea-daddi-hvezdna-laguna\/\">DANATHEA DADDI Hv\u011bzdn\u00e1 laguna<\/a><\/strong>&nbsp;\/ SHOW RESULTS<\/p>\n\n\n\n<div class=\"wp-block-buttons is-content-justification-right is-layout-flex wp-container-core-buttons-layout-1 wp-block-buttons-is-layout-flex\">\n<div class=\"wp-block-button\"><a class=\"wp-block-button__link wp-element-button\" href=\"https:\/\/lagunadog.eu\/index.php\/danathea-daddi-hvezdna-laguna\/\">Personal page<\/a><\/div>\n\n\n\n<div class=\"wp-block-button\"><a class=\"wp-block-button__link wp-element-button\" href=\"https:\/\/lagunadog.eu\/index.php\/daddi-gallery\/\">Photo Gallery<\/a><\/div>\n\n\n\n<div class=\"wp-block-button\"><a class=\"wp-block-button__link wp-element-button\" href=\"https:\/\/belgianshepherd.breedarchive.com\/animal\/view\/danathea-daddi-hvezdna-laguna-0c76ec6d-2b72-49b7-add2-ab39e145d267\" target=\"_blank\" rel=\"noreferrer noopener\">Pedigre<\/a><\/div>\n\n\n\n<div class=\"wp-block-button\"><a class=\"wp-block-button__link wp-element-button\" href=\"https:\/\/lagunadog.eu\/index.php\/d2-litter-hl\/\">D Litter info<\/a><\/div>\n<\/div>\n\n\n\n<div style=\"height:40px\" aria-hidden=\"true\" class=\"wp-block-spacer\"><\/div>\n\n\n\n<figure class=\"wp-block-table is-style-stripes\"><table><thead><tr><th class=\"has-text-align-left\" data-align=\"left\">DATE<\/th><th class=\"has-text-align-left\" data-align=\"left\">SHOW<\/th><th class=\"has-text-align-center\" data-align=\"center\"><\/th><th class=\"has-text-align-center\" data-align=\"center\">JUDGE<\/th><th class=\"has-text-align-center\" data-align=\"center\">class<\/th><th class=\"has-text-align-right\" data-align=\"right\">RESULT<\/th><\/tr><\/thead><tbody><tr><td class=\"has-text-align-left\" data-align=\"left\">26.4.2025<\/td><td class=\"has-text-align-left\" data-align=\"left\">IDS \u010cesk\u00e9 Bud\u011bjovice<\/td><td class=\"has-text-align-center\" data-align=\"center\">CZ<\/td><td class=\"has-text-align-center\" data-align=\"center\">Tibor Havelka (SK)<\/td><td class=\"has-text-align-center\" data-align=\"center\">Champion<\/td><td class=\"has-text-align-right\" data-align=\"right\">CAC, CAC CMKU, CACIB, <strong>BOS<\/strong><br>=> <strong>Czech Champion<\/strong><br>=> <strong>CMKU Champion<\/strong><\/td><\/tr><tr><td class=\"has-text-align-left\" data-align=\"left\">11.4.2025<\/td><td class=\"has-text-align-left\" data-align=\"left\">NDS Brno<\/td><td class=\"has-text-align-center\" data-align=\"center\">CZ<\/td><td class=\"has-text-align-center\" data-align=\"center\">Cristian Stefanescu&nbsp;(RO)<\/td><td class=\"has-text-align-center\" data-align=\"center\">Winner<\/td><td class=\"has-text-align-right\" data-align=\"right\">Excellent 2<\/td><\/tr><tr><td class=\"has-text-align-left\" data-align=\"left\">10.4.2025<\/td><td class=\"has-text-align-left\" data-align=\"left\">EUROPEAN dog Show Brno<\/td><td class=\"has-text-align-center\" data-align=\"center\">CZ<\/td><td class=\"has-text-align-center\" data-align=\"center\">Gerard Jipping (NL)<\/td><td class=\"has-text-align-center\" data-align=\"center\">Champion<\/td><td class=\"has-text-align-right\" data-align=\"right\">res. CAC (2\/4)<\/td><\/tr><tr><td class=\"has-text-align-left\" data-align=\"left\">2.3.2025<\/td><td class=\"has-text-align-left\" data-align=\"left\">IDS Bratislava<\/td><td class=\"has-text-align-center\" data-align=\"center\">SK<\/td><td class=\"has-text-align-center\" data-align=\"center\">Zuzana Mikolkov\u00e1 (SK)<\/td><td class=\"has-text-align-center\" data-align=\"center\">Champion<\/td><td class=\"has-text-align-right\" data-align=\"right\">CAC, CACIB, <strong>BOB<\/strong><br>=&gt;<strong> Interchampion C.I.E.<\/strong><\/td><\/tr><tr><td class=\"has-text-align-left\" data-align=\"left\">16.2.2025<\/td><td class=\"has-text-align-left\" data-align=\"left\">DuoCACIB Brno<\/td><td class=\"has-text-align-center\" data-align=\"center\">CZ<\/td><td class=\"has-text-align-center\" data-align=\"center\">V\u00e1clava Ryb\u00e1rova (CZ)<\/td><td class=\"has-text-align-center\" data-align=\"center\">Champion<\/td><td class=\"has-text-align-right\" data-align=\"right\">Excellent 3<\/td><\/tr><tr><td class=\"has-text-align-left\" data-align=\"left\">15.2.2025<\/td><td class=\"has-text-align-left\" data-align=\"left\">DuoCACIB Brno<\/td><td class=\"has-text-align-center\" data-align=\"center\">CZ<\/td><td class=\"has-text-align-center\" data-align=\"center\">Milan Plundra (CZ)<\/td><td class=\"has-text-align-center\" data-align=\"center\">Champion<\/td><td class=\"has-text-align-right\" data-align=\"right\">Very Good 3<\/td><\/tr><tr><td class=\"has-text-align-left\" data-align=\"left\">7.12.2024<\/td><td class=\"has-text-align-left\" data-align=\"left\">NDS, Brno<\/td><td class=\"has-text-align-center\" data-align=\"center\">CZ<\/td><td class=\"has-text-align-center\" data-align=\"center\">Ladislav Frn\u010do (CZ)<\/td><td class=\"has-text-align-center\" data-align=\"center\">Winner<\/td><td class=\"has-text-align-right\" data-align=\"right\">Very Good 2<\/td><\/tr><tr><td class=\"has-text-align-left\" data-align=\"left\">1.12.2024<\/td><td class=\"has-text-align-left\" data-align=\"left\">TrioCACIB Praha Expo Dog<\/td><td class=\"has-text-align-center\" data-align=\"center\">CZ<\/td><td class=\"has-text-align-center\" data-align=\"center\">Judit Kor\u00f3zs-Papp (H)<\/td><td class=\"has-text-align-center\" data-align=\"center\">champion<\/td><td class=\"has-text-align-right\" data-align=\"right\">Excellent 3<\/td><\/tr><tr><td class=\"has-text-align-left\" data-align=\"left\">29.11.2024<\/td><td class=\"has-text-align-left\" data-align=\"left\">TrioCACIB Praha Expo Dog<\/td><td class=\"has-text-align-center\" data-align=\"center\">CZ<\/td><td class=\"has-text-align-center\" data-align=\"center\">Be\u00e1ta \u0160t\u00fdbrov\u00e1 (CZ)<\/td><td class=\"has-text-align-center\" data-align=\"center\">champion<\/td><td class=\"has-text-align-right\" data-align=\"right\">CAC, CAC-CMKU, CACIB, <strong>BOB<\/strong><\/td><\/tr><tr><td class=\"has-text-align-left\" data-align=\"left\">16.11.2024<\/td><td class=\"has-text-align-left\" data-align=\"left\">Club, Beroun (KCHBO)<\/td><td class=\"has-text-align-center\" data-align=\"center\">CZ<\/td><td class=\"has-text-align-center\" data-align=\"center\">Sonny Strom (Swe)<\/td><td class=\"has-text-align-center\" data-align=\"center\">winner<\/td><td class=\"has-text-align-right\" data-align=\"right\">Excellent 3<\/td><\/tr><tr><td class=\"has-text-align-left\" data-align=\"left\">13.10.2024<\/td><td class=\"has-text-align-left\" data-align=\"left\">\u010cesk\u00e9 Bud\u011bjovice<\/td><td class=\"has-text-align-center\" data-align=\"center\">CZ<\/td><td class=\"has-text-align-center\" data-align=\"center\">Petr \u0158eh\u00e1nek (CZ)<\/td><td class=\"has-text-align-center\" data-align=\"center\">champion<\/td><td class=\"has-text-align-right\" data-align=\"right\">CAC, CAC CMKU, CACIB, <strong>BOS<\/strong><\/td><\/tr><tr><td class=\"has-text-align-left\" data-align=\"left\">14.09.2024<\/td><td class=\"has-text-align-left\" data-align=\"left\">Special, \u010ca\u0148a<\/td><td class=\"has-text-align-center\" data-align=\"center\">SK<\/td><td class=\"has-text-align-center\" data-align=\"center\">Jaroslav Zembjak (SK)<\/td><td class=\"has-text-align-center\" data-align=\"center\">champion<\/td><td class=\"has-text-align-right\" data-align=\"right\">CAC, \u010cK\u0160,&nbsp;<strong>Specialty Winner<\/strong>,&nbsp;<strong>BOS<\/strong><br><strong>BEST IN SHOW PAIR<\/strong>&nbsp;with Desmond<br><strong>Slovakian Club Champion<\/strong><\/td><\/tr><tr><td class=\"has-text-align-left\" data-align=\"left\">31.08.2024<\/td><td class=\"has-text-align-left\" data-align=\"left\"><a href=\"https:\/\/lagunadog.eu\/wp-content\/uploads\/2024\/08\/image-19.png\" target=\"_blank\" rel=\"noreferrer noopener\">IDS Floracanis<\/a><\/td><td class=\"has-text-align-center\" data-align=\"center\">CZ<\/td><td class=\"has-text-align-center\" data-align=\"center\">Alexandra Grygarov\u00e1 (CZ)<\/td><td class=\"has-text-align-center\" data-align=\"center\">champion<\/td><td class=\"has-text-align-right\" data-align=\"right\">CAC, CAC CMKU, CACIB, <strong>BOS<\/strong><\/td><\/tr><tr><td class=\"has-text-align-left\" data-align=\"left\">17.08.2024<\/td><td class=\"has-text-align-left\" data-align=\"left\"><a href=\"https:\/\/lagunadog.eu\/wp-content\/uploads\/2024\/08\/image-8.png\" target=\"_blank\" rel=\"noreferrer noopener\">IDS Mlad\u00e1 Boleslav<\/a><\/td><td class=\"has-text-align-center\" data-align=\"center\">CZ<\/td><td class=\"has-text-align-center\" data-align=\"center\">Petr \u0158eh\u00e1nek (CZ)<\/td><td class=\"has-text-align-center\" data-align=\"center\">champion<\/td><td class=\"has-text-align-right\" data-align=\"right\">res.CAC, res.CACIB<\/td><\/tr><tr><td class=\"has-text-align-left\" data-align=\"left\">20.07.2024<\/td><td class=\"has-text-align-left\" data-align=\"left\">NDS Mlad\u00e1 Boleslav<\/td><td class=\"has-text-align-center\" data-align=\"center\">CZ<\/td><td class=\"has-text-align-center\" data-align=\"center\">Ing. Jana Karhanov\u00e1 (CZ)<\/td><td class=\"has-text-align-center\" data-align=\"center\">open<\/td><td class=\"has-text-align-right\" data-align=\"right\">Excellent 2<\/td><\/tr><tr><td class=\"has-text-align-left\" data-align=\"left\">07.07.2024<\/td><td class=\"has-text-align-left\" data-align=\"left\">IDS, Wisla<\/td><td class=\"has-text-align-center\" data-align=\"center\">PL<\/td><td class=\"has-text-align-center\" data-align=\"center\">Sebastian Handy&nbsp;(PL)<\/td><td class=\"has-text-align-center\" data-align=\"center\">open<\/td><td class=\"has-text-align-right\" data-align=\"right\">Excellent 1<\/td><\/tr><tr><td class=\"has-text-align-left\" data-align=\"left\">29.06.2024<\/td><td class=\"has-text-align-left\" data-align=\"left\">NDS Klatovy<\/td><td class=\"has-text-align-center\" data-align=\"center\">CZ<\/td><td class=\"has-text-align-center\" data-align=\"center\">Alexandra Grygarov\u00e1&nbsp;(CZ)<\/td><td class=\"has-text-align-center\" data-align=\"center\">intermedia<\/td><td class=\"has-text-align-right\" data-align=\"right\">CAC, CAC-CMKU, <strong>National Winner<\/strong>, <strong>BOS<\/strong><\/td><\/tr><tr><td class=\"has-text-align-left\" data-align=\"left\">22.06.2024<\/td><td class=\"has-text-align-left\" data-align=\"left\">IDS Brno<\/td><td class=\"has-text-align-center\" data-align=\"center\">CZ<\/td><td class=\"has-text-align-center\" data-align=\"center\">Adriano Kandijas (Croatia)<\/td><td class=\"has-text-align-center\" data-align=\"center\">open<\/td><td class=\"has-text-align-right\" data-align=\"right\">CAC, res.CACIB<\/td><\/tr><tr><td class=\"has-text-align-left\" data-align=\"left\">08.06.2024<\/td><td class=\"has-text-align-left\" data-align=\"left\">Club, Smolinske<\/td><td class=\"has-text-align-center\" data-align=\"center\">SK<\/td><td class=\"has-text-align-center\" data-align=\"center\">Lozi\u0107 \u017deljko (Serbia)<\/td><td class=\"has-text-align-center\" data-align=\"center\">intermedia<\/td><td class=\"has-text-align-right\" data-align=\"right\">Very Good 1<\/td><\/tr><tr><td class=\"has-text-align-left\" data-align=\"left\">25.05.2024<\/td><td class=\"has-text-align-left\" data-align=\"left\">IDS Litom\u011b\u0159ice<\/td><td class=\"has-text-align-center\" data-align=\"center\">CZ<\/td><td class=\"has-text-align-center\" data-align=\"center\">Peter F. Berchtold (GER)<\/td><td class=\"has-text-align-center\" data-align=\"center\">intermedia<\/td><td class=\"has-text-align-right\" data-align=\"right\">Very Good 1<\/td><\/tr><tr><td class=\"has-text-align-left\" data-align=\"left\">12.05.2024<\/td><td class=\"has-text-align-left\" data-align=\"left\">Special, Mlad\u00e1 Boleslav<\/td><td class=\"has-text-align-center\" data-align=\"center\">CZ<\/td><td class=\"has-text-align-center\" data-align=\"center\">Kris Malinowski (UK)<\/td><td class=\"has-text-align-center\" data-align=\"center\">intermedia<\/td><td class=\"has-text-align-right\" data-align=\"right\">CAC, <strong>\u010cK\u0160<\/strong>, <strong>Specialty Winner<\/strong>, <strong>BOB<\/strong><\/td><\/tr><tr><td class=\"has-text-align-left\" data-align=\"left\">11.05.2024<\/td><td class=\"has-text-align-left\" data-align=\"left\">Club, Mlad\u00e1 Boleslav<\/td><td class=\"has-text-align-center\" data-align=\"center\">CZ<\/td><td class=\"has-text-align-center\" data-align=\"center\">Tom Roozen (NL)<\/td><td class=\"has-text-align-center\" data-align=\"center\">intermedia<\/td><td class=\"has-text-align-right\" data-align=\"right\">Excellent 4<\/td><\/tr><tr><td class=\"has-text-align-left\" data-align=\"left\">20.04.2024<\/td><td class=\"has-text-align-left\" data-align=\"left\">Special, Moszna<\/td><td class=\"has-text-align-center\" data-align=\"center\">PL<\/td><td class=\"has-text-align-center\" data-align=\"center\">Marion Ten Cate (NL)<\/td><td class=\"has-text-align-center\" data-align=\"center\">intermedia<\/td><td class=\"has-text-align-right\" data-align=\"right\">CWC \/ <strong><a href=\"https:\/\/lagunadog.eu\/wp-content\/uploads\/2024\/07\/image-53-1024x733.png\" target=\"_blank\" rel=\"noreferrer noopener\">PL Champion<\/a><\/strong><\/td><\/tr><tr><td class=\"has-text-align-left\" data-align=\"left\">14.04.2024<\/td><td class=\"has-text-align-left\" data-align=\"left\">NDS Zakrz\u00f3w<\/td><td class=\"has-text-align-center\" data-align=\"center\">PL<\/td><td class=\"has-text-align-center\" data-align=\"center\">Joanna Dadej (PL)<\/td><td class=\"has-text-align-center\" data-align=\"center\">intermedia<\/td><td class=\"has-text-align-right\" data-align=\"right\">CWC, BB, <strong>BOS<\/strong><\/td><\/tr><tr><td class=\"has-text-align-left\" data-align=\"left\">13.04.2024<\/td><td class=\"has-text-align-left\" data-align=\"left\">NDS Zakrz\u00f3w<\/td><td class=\"has-text-align-center\" data-align=\"center\">PL<\/td><td class=\"has-text-align-center\" data-align=\"center\">Katarzyna Sowa (PL)<\/td><td class=\"has-text-align-center\" data-align=\"center\">intermedia<\/td><td class=\"has-text-align-right\" data-align=\"right\">CWC, BB, <strong>BOS<\/strong><\/td><\/tr><tr><td class=\"has-text-align-left\" data-align=\"left\">16.03.2024<\/td><td class=\"has-text-align-left\" data-align=\"left\">NDS Brno<\/td><td class=\"has-text-align-center\" data-align=\"center\">CZ<\/td><td class=\"has-text-align-center\" data-align=\"center\">Mgr. Nad\u011b\u017eda St\u0159alkov\u00e1&nbsp;(CZ)<\/td><td class=\"has-text-align-center\" data-align=\"center\">intermedia<\/td><td class=\"has-text-align-right\" data-align=\"right\">CAC<\/td><\/tr><tr><td class=\"has-text-align-left\" data-align=\"left\">18.02.2024<\/td><td class=\"has-text-align-left\" data-align=\"left\">IDS Nitra<\/td><td class=\"has-text-align-center\" data-align=\"center\">SK<\/td><td class=\"has-text-align-center\" data-align=\"center\">Anna Pulikowska-Klimonda (PL)<\/td><td class=\"has-text-align-center\" data-align=\"center\">intermedia<\/td><td class=\"has-text-align-right\" data-align=\"right\">Very Good 1<\/td><\/tr><tr><td class=\"has-text-align-left\" data-align=\"left\">11.02.2024<\/td><td class=\"has-text-align-left\" data-align=\"left\">IDS Katowice<\/td><td class=\"has-text-align-center\" data-align=\"center\">PL<\/td><td class=\"has-text-align-center\" data-align=\"center\">Zdenka J\u00edlkov\u00e1 (CZ)<\/td><td class=\"has-text-align-center\" data-align=\"center\">intermedia<\/td><td class=\"has-text-align-right\" data-align=\"right\">CWC, res.CACIB<\/td><\/tr><tr><td class=\"has-text-align-left\" data-align=\"left\">27.01.2024<\/td><td class=\"has-text-align-left\" data-align=\"left\">IDS Brno<\/td><td class=\"has-text-align-center\" data-align=\"center\">CZ<\/td><td class=\"has-text-align-center\" data-align=\"center\">Ladislav Frn\u010do (CZ)<\/td><td class=\"has-text-align-center\" data-align=\"center\">intermedia<\/td><td class=\"has-text-align-right\" data-align=\"right\">CAC, res.CACIB<\/td><\/tr><tr><td class=\"has-text-align-left\" data-align=\"left\">06.01.2024<\/td><td class=\"has-text-align-left\" data-align=\"left\">NDS Brno<\/td><td class=\"has-text-align-center\" data-align=\"center\">CZ<\/td><td class=\"has-text-align-center\" data-align=\"center\">Tibor Havelka&nbsp;(CK)<\/td><td class=\"has-text-align-center\" data-align=\"center\">intermedia<\/td><td class=\"has-text-align-right\" data-align=\"right\">CAC, CAC-CMKU, <strong>National<\/strong> <strong>Winner<\/strong>, <strong>BOB<\/strong><\/td><\/tr><tr><td class=\"has-text-align-left\" data-align=\"left\">10.12.2023<\/td><td class=\"has-text-align-left\" data-align=\"left\">IDS Praha<\/td><td class=\"has-text-align-center\" data-align=\"center\">CZ<\/td><td class=\"has-text-align-center\" data-align=\"center\">Mark Wibier (GER)<\/td><td class=\"has-text-align-center\" data-align=\"center\">intermedia<\/td><td class=\"has-text-align-right\" data-align=\"right\">Very Good 2<\/td><\/tr><tr><td class=\"has-text-align-left\" data-align=\"left\">02.12.2023<\/td><td class=\"has-text-align-left\" data-align=\"left\">NDS Brno<\/td><td class=\"has-text-align-center\" data-align=\"center\">CZ<\/td><td class=\"has-text-align-center\" data-align=\"center\">Ing. Leo\u0161 Jan\u010d\u00edk (CZ)<\/td><td class=\"has-text-align-center\" data-align=\"center\">intermedia<\/td><td class=\"has-text-align-right\" data-align=\"right\">Very Good 1<\/td><\/tr><tr><td class=\"has-text-align-left\" data-align=\"left\">08.10.2023<\/td><td class=\"has-text-align-left\" data-align=\"left\">NDS Gliwice<\/td><td class=\"has-text-align-center\" data-align=\"center\">PL<\/td><td class=\"has-text-align-center\" data-align=\"center\">Anna Kochan&nbsp;(PL)<\/td><td class=\"has-text-align-center\" data-align=\"center\">intermedia<\/td><td class=\"has-text-align-right\" data-align=\"right\">CWC, BB, <strong>BOS<\/strong><\/td><\/tr><tr><td class=\"has-text-align-left\" data-align=\"left\">30.09.2023<\/td><td class=\"has-text-align-left\" data-align=\"left\">Special, Ve\u013ek\u00e9 Kr\u0161te\u0148any<\/td><td class=\"has-text-align-center\" data-align=\"center\">SK<\/td><td class=\"has-text-align-center\" data-align=\"center\">Alexandra Grygarov\u00e1&nbsp;(CZ)<\/td><td class=\"has-text-align-center\" data-align=\"center\">intermedia<\/td><td class=\"has-text-align-right\" data-align=\"right\">CAC, <strong>Specialty <strong>Winner<\/strong><\/strong>, <strong>BOB<\/strong><br><strong>BEST IN SHOW 3<\/strong><\/td><\/tr><tr><td class=\"has-text-align-left\" data-align=\"left\">23.09.2023<\/td><td class=\"has-text-align-left\" data-align=\"left\">Club, Horka nad Moravou<\/td><td class=\"has-text-align-center\" data-align=\"center\">CZ<\/td><td class=\"has-text-align-center\" data-align=\"center\">Tanja Hulsund (Norway)<\/td><td class=\"has-text-align-center\" data-align=\"center\">junior<\/td><td class=\"has-text-align-right\" data-align=\"right\">Excellent 2<\/td><\/tr><tr><td class=\"has-text-align-left\" data-align=\"left\">16.09.2023<\/td><td class=\"has-text-align-left\" data-align=\"left\">IDS Klavoty<\/td><td class=\"has-text-align-center\" data-align=\"center\">CZ<\/td><td class=\"has-text-align-center\" data-align=\"center\">Sina Horatiu-Mihai (GER)<\/td><td class=\"has-text-align-center\" data-align=\"center\">junior<\/td><td class=\"has-text-align-right\" data-align=\"right\">CAJC, CACIB-J, <strong>BOJ<\/strong><br><strong>\u0160umavsk\u00fd v\u00edt\u011bz<\/strong><\/td><\/tr><tr><td class=\"has-text-align-left\" data-align=\"left\">09.09.2023<\/td><td class=\"has-text-align-left\" data-align=\"left\">IDS Olomouc<\/td><td class=\"has-text-align-center\" data-align=\"center\">CZ<\/td><td class=\"has-text-align-center\" data-align=\"center\">Tibor Havelka (SK)<\/td><td class=\"has-text-align-center\" data-align=\"center\">junior<\/td><td class=\"has-text-align-right\" data-align=\"right\">CAJC, CACIB-J,<strong> BOJ<\/strong><\/td><\/tr><tr><td class=\"has-text-align-left\" data-align=\"left\">29.07.2023<\/td><td class=\"has-text-align-left\" data-align=\"left\">NDS Moszna<\/td><td class=\"has-text-align-center\" data-align=\"center\">PL<\/td><td class=\"has-text-align-center\" data-align=\"center\">Izabela Grzesiek&nbsp;(PL)<\/td><td class=\"has-text-align-center\" data-align=\"center\">junior<\/td><td class=\"has-text-align-right\" data-align=\"right\">Zw.ml. (CAJC), NJwR \/ <strong>BOJ<\/strong><\/td><\/tr><tr><td class=\"has-text-align-left\" data-align=\"left\">29.07.2023<\/td><td class=\"has-text-align-left\" data-align=\"left\">Special, Moszna<\/td><td class=\"has-text-align-center\" data-align=\"center\">PL<\/td><td class=\"has-text-align-center\" data-align=\"center\">Sonny Str\u00f6m (Sweden)<\/td><td class=\"has-text-align-center\" data-align=\"center\">junior<\/td><td class=\"has-text-align-right\" data-align=\"right\">Excellent 2<\/td><\/tr><tr><td class=\"has-text-align-left\" data-align=\"left\">23.07.2023<\/td><td class=\"has-text-align-left\" data-align=\"left\">IDS Czestochowa<\/td><td class=\"has-text-align-center\" data-align=\"center\">PL<\/td><td class=\"has-text-align-center\" data-align=\"center\">Leszek Salamon (PL)<\/td><td class=\"has-text-align-center\" data-align=\"center\">junior<\/td><td class=\"has-text-align-right\" data-align=\"right\">Zw.ml. (CAJC), CACIB-J, NJwR \/ <strong>BOJ<\/strong>, <strong>BOB<\/strong><\/td><\/tr><tr><td class=\"has-text-align-left\" data-align=\"left\">30.06.2023<\/td><td class=\"has-text-align-left\" data-align=\"left\">IDS Wisla<\/td><td class=\"has-text-align-center\" data-align=\"center\">PL<\/td><td class=\"has-text-align-center\" data-align=\"center\">Anna Albrigo (Italy)<\/td><td class=\"has-text-align-center\" data-align=\"center\">junior<\/td><td class=\"has-text-align-right\" data-align=\"right\">Zw.ml. (CAJC), CACIB-J<\/td><\/tr><tr><td class=\"has-text-align-left\" data-align=\"left\">24.06.2023<\/td><td class=\"has-text-align-left\" data-align=\"left\">IDS Brno<\/td><td class=\"has-text-align-center\" data-align=\"center\">CZ<\/td><td class=\"has-text-align-center\" data-align=\"center\">Milan Krinke (CZ)<\/td><td class=\"has-text-align-center\" data-align=\"center\">junior<\/td><td class=\"has-text-align-right\" data-align=\"right\">Very Good 1<\/td><\/tr><tr><td class=\"has-text-align-left\" data-align=\"left\">21.05.2023<\/td><td class=\"has-text-align-left\" data-align=\"left\">NDS Gniazd\u00f3w<\/td><td class=\"has-text-align-center\" data-align=\"center\">PL<\/td><td class=\"has-text-align-center\" data-align=\"center\">Petr \u0158eh\u00e1nek (CZ)<\/td><td class=\"has-text-align-center\" data-align=\"center\">junior<\/td><td class=\"has-text-align-right\" data-align=\"right\">Excellent 2<\/td><\/tr><tr><td class=\"has-text-align-left\" data-align=\"left\">30.04.2023<\/td><td class=\"has-text-align-left\" data-align=\"left\">Regional, Doln\u00ed Bene\u0161ov<\/td><td class=\"has-text-align-center\" data-align=\"center\">CZ<\/td><td class=\"has-text-align-center\" data-align=\"center\">Mgr. Nad\u011b\u017eda St\u0159alkov\u00e1 (CZ)<\/td><td class=\"has-text-align-center\" data-align=\"center\">junior<\/td><td class=\"has-text-align-right\" data-align=\"right\">Excellent 1, Class Winner<\/td><\/tr><tr><td class=\"has-text-align-left\" data-align=\"left\">16.04.2023<\/td><td class=\"has-text-align-left\" data-align=\"left\">NDS Zakrz\u00f3w<\/td><td class=\"has-text-align-center\" data-align=\"center\">PL<\/td><td class=\"has-text-align-center\" data-align=\"center\">Patrycja Mazur-Szkodzi\u0144ska (PL)<\/td><td class=\"has-text-align-center\" data-align=\"center\">junior<\/td><td class=\"has-text-align-right\" data-align=\"right\">Zw.ml. (CAJC), <strong>BOS<\/strong><\/td><\/tr><\/tbody><\/table><\/figure>\n\n\n\n<div style=\"height:40px\" aria-hidden=\"true\" class=\"wp-block-spacer\"><\/div>\n","protected":false},"excerpt":{"rendered":"<p>InterChampion C.I.E., Czech Champion, CMKU Champion, Polish Champion, Slovakian Club Champion, Polish Junior Champion, Czech Junior Champion,Czech National Winner, Czech Specialty Winner +BOB \u201924, Slovakian Specialty Winner +BOS \u201924, Slovakian &#8230;<\/p>\n","protected":false},"author":1,"featured_media":0,"parent":0,"menu_order":0,"comment_status":"closed","ping_status":"closed","template":"template-fullwidth.php","meta":{"footnotes":""},"_links":{"self":[{"href":"https:\/\/lagunadog.eu\/index.php\/wp-json\/wp\/v2\/pages\/1618"}],"collection":[{"href":"https:\/\/lagunadog.eu\/index.php\/wp-json\/wp\/v2\/pages"}],"about":[{"href":"https:\/\/lagunadog.eu\/index.php\/wp-json\/wp\/v2\/types\/page"}],"author":[{"embeddable":true,"href":"https:\/\/lagunadog.eu\/index.php\/wp-json\/wp\/v2\/users\/1"}],"replies":[{"embeddable":true,"href":"https:\/\/lagunadog.eu\/index.php\/wp-json\/wp\/v2\/comments?post=1618"}],"version-history":[{"count":51,"href":"https:\/\/lagunadog.eu\/index.php\/wp-json\/wp\/v2\/pages\/1618\/revisions"}],"predecessor-version":[{"id":3312,"href":"https:\/\/lagunadog.eu\/index.php\/wp-json\/wp\/v2\/pages\/1618\/revisions\/3312"}],"wp:attachment":[{"href":"https:\/\/lagunadog.eu\/index.php\/wp-json\/wp\/v2\/media?parent=1618"}],"curies":[{"name":"wp","href":"https:\/\/api.w.org\/{rel}","templated":true}]}}