{"id":1388,"date":"2024-08-03T17:31:52","date_gmt":"2024-08-03T15:31:52","guid":{"rendered":"https:\/\/lagunadog.eu\/?page_id=1388"},"modified":"2025-04-06T20:45:22","modified_gmt":"2025-04-06T18:45:22","slug":"stud-males","status":"publish","type":"page","link":"https:\/\/lagunadog.eu\/index.php\/stud-males\/","title":{"rendered":"Hv\u011bzdn\u00e1 laguna STUD males"},"content":{"rendered":"\n<p><em>Here is an overview of current stud males originating from our kennel (litters from 2019 and later).<br>Stud males from previous litters, <a href=\"https:\/\/lagunadog.eu\/index.php\/litters-1991-2011\/\">born up until 2011<\/a>, are, sadly, all gone. None of them have frozen semen.<\/em><\/p>\n\n\n\n<div style=\"height:30px\" aria-hidden=\"true\" class=\"wp-block-spacer\"><\/div>\n\n\n\n<hr class=\"wp-block-separator has-alpha-channel-opacity is-style-wide\"\/>\n\n\n\n<div class=\"wp-block-columns is-layout-flex wp-container-core-columns-layout-1 wp-block-columns-is-layout-flex\">\n<div class=\"wp-block-column is-layout-flow wp-block-column-is-layout-flow\">\n<figure class=\"wp-block-image size-full\"><img loading=\"lazy\" decoding=\"async\" width=\"695\" height=\"642\" src=\"https:\/\/lagunadog.eu\/wp-content\/uploads\/2024\/07\/zarys.jpg\" alt=\"\" class=\"wp-image-715\" srcset=\"https:\/\/lagunadog.eu\/wp-content\/uploads\/2024\/07\/zarys.jpg 695w, https:\/\/lagunadog.eu\/wp-content\/uploads\/2024\/07\/zarys-300x277.jpg 300w\" sizes=\"(max-width: 695px) 100vw, 695px\" \/><\/figure>\n<\/div>\n\n\n\n<div class=\"wp-block-column is-layout-flow wp-block-column-is-layout-flow\">\n<p>C.I.E., Czech Gr.Champion, Czech Champion, Slovakian Champion, Polish Champion, Grand Prix Slovakia Winner &#8217;23, Crufts Q. <br><strong>CLEO CAESAR Hv\u011bzdn\u00e1 Laguna<\/strong><\/p>\n\n\n\n<p>HD A (0\/0), ED 0\/0, OCD neg., SA neg.<br>DNA vp. 162846, DNA cp.<strong>&nbsp;<\/strong>162845<br>Full dented, Scisors, Epilepsy FREE<br>black heterozygote KB\/ky<\/p>\n\n\n\n<p>DOB: 14.06.2019<br>sire:&nbsp;<a href=\"http:\/\/kchbo.com\/genealogie\/genealogie.php?strana=1&amp;topMenu=14&amp;cat=14&amp;gPage=1&amp;gName=&amp;gSearch=&amp;gCmku=1&amp;gAct=detail&amp;action=home&amp;ID=43919\" target=\"_blank\" rel=\"noreferrer noopener\">Spec.W., ASCII ARNY BriBiaDai<\/a><br>dam:&nbsp;<a href=\"https:\/\/lagunadog.eu\/index.php\/only-you-polaris\/\">BISS, res.JBISS, JunSpecialty Winner+BOB ONLY YOU Polaris<\/a><\/p>\n\n\n\n<p>owned and loved by: family \u0160amalova,&nbsp;<a href=\"https:\/\/www.nebeskyvrch.cz\/\" target=\"_blank\" rel=\"noreferrer noopener\">knl Nebesk\u00fd vrh<\/a>, CZ<\/p>\n<\/div>\n<\/div>\n\n\n\n<div style=\"height:30px\" aria-hidden=\"true\" class=\"wp-block-spacer\"><\/div>\n\n\n\n<hr class=\"wp-block-separator has-alpha-channel-opacity is-style-wide\"\/>\n\n\n\n<div class=\"wp-block-columns is-layout-flex wp-container-core-columns-layout-2 wp-block-columns-is-layout-flex\">\n<div class=\"wp-block-column is-layout-flow wp-block-column-is-layout-flow\">\n<figure class=\"wp-block-image size-large\"><img loading=\"lazy\" decoding=\"async\" width=\"681\" height=\"489\" src=\"https:\/\/lagunadog.eu\/wp-content\/uploads\/2024\/07\/cleosek.jpg\" alt=\"\" class=\"wp-image-721\" srcset=\"https:\/\/lagunadog.eu\/wp-content\/uploads\/2024\/07\/cleosek.jpg 681w, https:\/\/lagunadog.eu\/wp-content\/uploads\/2024\/07\/cleosek-300x215.jpg 300w\" sizes=\"(max-width: 681px) 100vw, 681px\" \/><\/figure>\n<\/div>\n\n\n\n<div class=\"wp-block-column is-layout-flow wp-block-column-is-layout-flow\">\n<p>s., Polish Champion, Crufts Q.<br><strong>CLEO CAESARION Hv\u011bzdn\u00e1 Laguna<\/strong><\/p>\n\n\n\n<p>HD A (0\/0), ED 0\/0, OCD neg., SA neg., Eyes OK<br>DNA vp. #211990, DNA cp.<strong>\u00a0<\/strong>#207889 &#8211; ISAG2016<br>BLACK homozygote KB\/KB ay\/a<br>CACA N\/N, CJM N\/N<br>SDCA1+SDCA2 N\/N, SOD1 N\/N  <br>Full dented, Scisors, Epilepsy FREE<\/p>\n\n\n\n<p>Character test: 100p (full score)<\/p>\n\n\n\n<p>DOB: 14.06.2019<br>sire:&nbsp;<a href=\"http:\/\/kchbo.com\/genealogie\/genealogie.php?strana=1&amp;topMenu=14&amp;cat=14&amp;gPage=1&amp;gName=&amp;gSearch=&amp;gCmku=1&amp;gAct=detail&amp;action=home&amp;ID=43919\" target=\"_blank\" rel=\"noreferrer noopener\">Spec.W., ASCII ARNY BriBiaDai<\/a><br>dam:&nbsp;<a href=\"https:\/\/lagunadog.eu\/index.php\/only-you-polaris\/\">BISS, res.JBISS, JunSpecialty Winner+BOB ONLY YOU Polaris<\/a><\/p>\n\n\n\n<p>owned and loved by: <a href=\"https:\/\/cleocaesarion.cz\/\" target=\"_blank\" rel=\"noreferrer noopener\">family Zaj\u00ed\u010dkov\u00e1, CZ<\/a><\/p>\n<\/div>\n<\/div>\n\n\n\n<div style=\"height:30px\" aria-hidden=\"true\" class=\"wp-block-spacer\"><\/div>\n\n\n\n<hr class=\"wp-block-separator has-alpha-channel-opacity is-style-wide\"\/>\n\n\n\n<div class=\"wp-block-columns is-layout-flex wp-container-core-columns-layout-3 wp-block-columns-is-layout-flex\">\n<div class=\"wp-block-column is-layout-flow wp-block-column-is-layout-flow\">\n<figure class=\"wp-block-image size-large\"><img loading=\"lazy\" decoding=\"async\" width=\"1024\" height=\"683\" src=\"https:\/\/lagunadog.eu\/wp-content\/uploads\/2024\/07\/image-60-1024x683.png\" alt=\"\" class=\"wp-image-439\" srcset=\"https:\/\/lagunadog.eu\/wp-content\/uploads\/2024\/07\/image-60-1024x683.png 1024w, https:\/\/lagunadog.eu\/wp-content\/uploads\/2024\/07\/image-60-300x200.png 300w, https:\/\/lagunadog.eu\/wp-content\/uploads\/2024\/07\/image-60-768x512.png 768w, https:\/\/lagunadog.eu\/wp-content\/uploads\/2024\/07\/image-60-1536x1024.png 1536w, https:\/\/lagunadog.eu\/wp-content\/uploads\/2024\/07\/image-60.png 2048w\" sizes=\"(max-width: 1024px) 100vw, 1024px\" \/><\/figure>\n<\/div>\n\n\n\n<div class=\"wp-block-column is-layout-flow wp-block-column-is-layout-flow\">\n<p>Specialty Junior BIS,&nbsp;PL Junior Specialty Winner,&nbsp;SK Junior Specialty Winner,&nbsp;Czech National Winner &#8217;23, &#8217;24<br>C.I.E.*, Czech Champion, CMKU Champion, Polish Champion,&nbsp;Polish Junior Champion,&nbsp;Czech Junior Champion, Crufts Q.<br><a href=\"https:\/\/lagunadog.eu\/index.php\/diamond-damien-hvezdna-laguna\/\"><strong>DIAMOND DAMIEN Hv\u011bzdn\u00e1 laguna<\/strong><\/a><\/p>\n\n\n\n<p>HD A (0\/0), ED 0\/0, OCD neg., SA neg., LTV Typ 0, L7. CJM:&nbsp;Mother CJM N\/N<br>DNA vp. #262125, DNA cp 261817 \u2013 ISAG 2020<br>Full dented, Scisors, Epilepsy FREE<\/p>\n\n\n\n<p>DOB: 29.06.2022<br>sire:&nbsp;<a href=\"http:\/\/kchbo.com\/genealogie\/genealogie.php?strana=1&amp;topMenu=14&amp;cat=14&amp;gPage=1&amp;gName=&amp;gSearch=&amp;gCmku=1&amp;gAct=detail&amp;action=home&amp;ID=58538\" target=\"_blank\" rel=\"noreferrer noopener\">IntCh, EW., MCh. COLOURLESS SHADOW Groenoir<\/a>&nbsp;CANT, BH, IBGH1, ZM, ZOP,&nbsp;IBGH2, ZZO, ZVV1, ZPU-1, ZPU-2, IGP1, IGP2<br>dam:&nbsp;<a href=\"https:\/\/lagunadog.eu\/index.php\/zany\/\">GrCh, Ch, ClubW LITTLE BLACK PRINCESS des Gardiens de Cocagne<\/a><\/p>\n\n\n\n<p>owned and loved by: Hv\u011bzdn\u00e1 laguna team, CZ<\/p>\n<\/div>\n<\/div>\n\n\n\n<div style=\"height:30px\" aria-hidden=\"true\" class=\"wp-block-spacer\"><\/div>\n\n\n\n<hr class=\"wp-block-separator has-alpha-channel-opacity is-style-wide\"\/>\n\n\n\n<p><\/p>\n\n\n\n<p><\/p>\n\n\n\n<p><\/p>\n\n\n\n<p><\/p>\n\n\n\n<p><\/p>\n\n\n\n<p><\/p>\n\n\n\n<p><\/p>\n","protected":false},"excerpt":{"rendered":"<p>Here is an overview of current stud males originating from our kennel (litters from 2019 and later).Stud males from previous litters, born up until 2011, are, sadly, all gone. None &#8230;<\/p>\n","protected":false},"author":1,"featured_media":0,"parent":0,"menu_order":0,"comment_status":"closed","ping_status":"closed","template":"","meta":{"footnotes":""},"_links":{"self":[{"href":"https:\/\/lagunadog.eu\/index.php\/wp-json\/wp\/v2\/pages\/1388"}],"collection":[{"href":"https:\/\/lagunadog.eu\/index.php\/wp-json\/wp\/v2\/pages"}],"about":[{"href":"https:\/\/lagunadog.eu\/index.php\/wp-json\/wp\/v2\/types\/page"}],"author":[{"embeddable":true,"href":"https:\/\/lagunadog.eu\/index.php\/wp-json\/wp\/v2\/users\/1"}],"replies":[{"embeddable":true,"href":"https:\/\/lagunadog.eu\/index.php\/wp-json\/wp\/v2\/comments?post=1388"}],"version-history":[{"count":38,"href":"https:\/\/lagunadog.eu\/index.php\/wp-json\/wp\/v2\/pages\/1388\/revisions"}],"predecessor-version":[{"id":3258,"href":"https:\/\/lagunadog.eu\/index.php\/wp-json\/wp\/v2\/pages\/1388\/revisions\/3258"}],"wp:attachment":[{"href":"https:\/\/lagunadog.eu\/index.php\/wp-json\/wp\/v2\/media?parent=1388"}],"curies":[{"name":"wp","href":"https:\/\/api.w.org\/{rel}","templated":true}]}}