{"id":1345,"date":"2024-08-02T18:51:50","date_gmt":"2024-08-02T16:51:50","guid":{"rendered":"https:\/\/lagunadog.eu\/?page_id=1345"},"modified":"2025-04-27T17:21:22","modified_gmt":"2025-04-27T15:21:22","slug":"daimonion-show","status":"publish","type":"page","link":"https:\/\/lagunadog.eu\/index.php\/daimonion-show\/","title":{"rendered":"daimonion show"},"content":{"rendered":"\n<p><strong>Polish Junior Champion, Crufts Qualified &#8217;25<\/strong><\/p>\n\n\n\n<p class=\"has-medium-font-size\"><strong><a href=\"https:\/\/lagunadog.eu\/index.php\/diamond-daimonion-hvezdna-laguna\/\">DIAMOND DAIMONION Hv\u011bzdn\u00e1 laguna<\/a><\/strong> \/ SHOW RESULTS<\/p>\n\n\n\n<div class=\"wp-block-buttons is-content-justification-right is-layout-flex wp-container-core-buttons-layout-1 wp-block-buttons-is-layout-flex\">\n<div class=\"wp-block-button\"><a class=\"wp-block-button__link wp-element-button\" href=\"https:\/\/lagunadog.eu\/index.php\/diamond-daimonion-hvezdna-laguna\/\">Personal page<\/a><\/div>\n\n\n\n<div class=\"wp-block-button\"><a class=\"wp-block-button__link wp-element-button\">Photo Gallery<\/a><\/div>\n\n\n\n<div class=\"wp-block-button\"><a class=\"wp-block-button__link wp-element-button\" href=\"https:\/\/belgianshepherd.breedarchive.com\/animal\/view\/diamond-daimonion-hvezdna-laguna-7eced68a-6aec-4240-8d0d-f1a7fe27ccb4\" target=\"_blank\" rel=\"noreferrer noopener\">Pedigre<\/a><\/div>\n\n\n\n<div class=\"wp-block-button\"><a class=\"wp-block-button__link wp-element-button\" href=\"https:\/\/lagunadog.eu\/index.php\/d2-litter-hl\/\">D Litter info<\/a><\/div>\n<\/div>\n\n\n\n<div style=\"height:30px\" aria-hidden=\"true\" class=\"wp-block-spacer\"><\/div>\n\n\n\n<figure class=\"wp-block-table is-style-stripes\"><table><thead><tr><th class=\"has-text-align-left\" data-align=\"left\">DATE<\/th><th class=\"has-text-align-left\" data-align=\"left\">SHOW<\/th><th class=\"has-text-align-center\" data-align=\"center\"><\/th><th class=\"has-text-align-center\" data-align=\"center\">JUDGE<\/th><th class=\"has-text-align-center\" data-align=\"center\">class<\/th><th class=\"has-text-align-right\" data-align=\"right\">RESULT<\/th><\/tr><\/thead><tbody><tr><td class=\"has-text-align-left\" data-align=\"left\">26.4.2025<\/td><td class=\"has-text-align-left\" data-align=\"left\">IDS \u010cesk\u00e9 Bud\u011bjovice<\/td><td class=\"has-text-align-center\" data-align=\"center\">CZ<\/td><td class=\"has-text-align-center\" data-align=\"center\">Tibor Havelka (SK)<\/td><td class=\"has-text-align-center\" data-align=\"center\">open<\/td><td class=\"has-text-align-right\" data-align=\"right\">CAC, CAC-CMKU, CACIB, <strong>BOB<\/strong><\/td><\/tr><tr><td class=\"has-text-align-left\" data-align=\"left\">2.3.2025<\/td><td class=\"has-text-align-left\" data-align=\"left\">IDS Bratislava<\/td><td class=\"has-text-align-center\" data-align=\"center\">SK<\/td><td class=\"has-text-align-center\" data-align=\"center\">Zuzana Mikolkov\u00e1 (SK)<\/td><td class=\"has-text-align-center\" data-align=\"center\">open<\/td><td class=\"has-text-align-right\" data-align=\"right\">CAC, CACIB, <strong>BOS<\/strong><\/td><\/tr><tr><td class=\"has-text-align-left\" data-align=\"left\">31.08.2024<\/td><td class=\"has-text-align-left\" data-align=\"left\"><a href=\"https:\/\/lagunadog.eu\/wp-content\/uploads\/2024\/08\/image-19.png\" target=\"_blank\" rel=\"noreferrer noopener\">IDS Floracanis<\/a><\/td><td class=\"has-text-align-center\" data-align=\"center\">CZ<\/td><td class=\"has-text-align-center\" data-align=\"center\">Alexandra Grygarov\u00e1 (CZ)<\/td><td class=\"has-text-align-center\" data-align=\"center\">open<\/td><td class=\"has-text-align-right\" data-align=\"right\">CAC<\/td><\/tr><tr><td class=\"has-text-align-left\" data-align=\"left\">05.07.2024<\/td><td class=\"has-text-align-left\" data-align=\"left\">NDS., 1.FCI, Wisla<\/td><td class=\"has-text-align-center\" data-align=\"center\">PL<\/td><td class=\"has-text-align-center\" data-align=\"center\">Robert Granecki (PL)<\/td><td class=\"has-text-align-center\" data-align=\"center\">open<\/td><td class=\"has-text-align-right\" data-align=\"right\">CWC, BD, <strong>BOB<\/strong><\/td><\/tr><tr><td class=\"has-text-align-left\" data-align=\"left\">12.05.2024<\/td><td class=\"has-text-align-left\" data-align=\"left\">Special, Mlad\u00e1 Boleslav<\/td><td class=\"has-text-align-center\" data-align=\"center\">CZ<\/td><td class=\"has-text-align-center\" data-align=\"center\">Kris Malinowski (UK)<\/td><td class=\"has-text-align-center\" data-align=\"center\">open<\/td><td class=\"has-text-align-right\" data-align=\"right\">CAC, <strong>\u010cK\u0160<\/strong><\/td><\/tr><tr><td class=\"has-text-align-left\" data-align=\"left\">11.05.2024<\/td><td class=\"has-text-align-left\" data-align=\"left\">Club, Mlad\u00e1 Boleslav<\/td><td class=\"has-text-align-center\" data-align=\"center\">CZ<\/td><td class=\"has-text-align-center\" data-align=\"center\">Tom Roozen&nbsp;(NL)<\/td><td class=\"has-text-align-center\" data-align=\"center\">intermedia<\/td><td class=\"has-text-align-right\" data-align=\"right\">CAC, <strong>\u010cK\u0160<\/strong><\/td><\/tr><tr><td class=\"has-text-align-left\" data-align=\"left\">13.04.2024<\/td><td class=\"has-text-align-left\" data-align=\"left\">NDS, Zakrz\u00f3w<\/td><td class=\"has-text-align-center\" data-align=\"center\">PL<\/td><td class=\"has-text-align-center\" data-align=\"center\">Katarzyna Sowa (PL)<\/td><td class=\"has-text-align-center\" data-align=\"center\">intermedia<\/td><td class=\"has-text-align-right\" data-align=\"right\">CWC, BD, <strong>BOB<\/strong><\/td><\/tr><tr><td class=\"has-text-align-left\" data-align=\"left\">27.01.2024<\/td><td class=\"has-text-align-left\" data-align=\"left\">IDS, Brno<\/td><td class=\"has-text-align-center\" data-align=\"center\">CZ<\/td><td class=\"has-text-align-center\" data-align=\"center\">Ladislav Frn\u010do&nbsp;(CZ)<\/td><td class=\"has-text-align-center\" data-align=\"center\">intermedia<\/td><td class=\"has-text-align-right\" data-align=\"right\">CAC, CACIB, CAC-CMKU,  <strong>CruftsQ.<\/strong>, <strong>BOS<\/strong><\/td><\/tr><tr><td class=\"has-text-align-left\" data-align=\"left\">08.12.2023<\/td><td class=\"has-text-align-left\" data-align=\"left\">IDS, Praha<\/td><td class=\"has-text-align-center\" data-align=\"center\">CZ<\/td><td class=\"has-text-align-center\" data-align=\"center\">Milan Krinke (CZ)<\/td><td class=\"has-text-align-center\" data-align=\"center\">intermedia<\/td><td class=\"has-text-align-right\" data-align=\"right\">VG1<\/td><\/tr><tr><td class=\"has-text-align-left\" data-align=\"left\">29.10.2023<\/td><td class=\"has-text-align-left\" data-align=\"left\">IDS, Bratislava<\/td><td class=\"has-text-align-center\" data-align=\"center\">SK<\/td><td class=\"has-text-align-center\" data-align=\"center\">Gerard Jipping&nbsp;(NL)<\/td><td class=\"has-text-align-center\" data-align=\"center\">junior<\/td><td class=\"has-text-align-right\" data-align=\"right\">VG1<\/td><\/tr><tr><td class=\"has-text-align-left\" data-align=\"left\">27.10.2023<\/td><td class=\"has-text-align-left\" data-align=\"left\">IDS, Bratislava<\/td><td class=\"has-text-align-center\" data-align=\"center\">SK<\/td><td class=\"has-text-align-center\" data-align=\"center\">Tibor Havelka (SK)<\/td><td class=\"has-text-align-center\" data-align=\"center\">intermedia<\/td><td class=\"has-text-align-right\" data-align=\"right\">CAC, CACIB, <strong>BOS<\/strong><\/td><\/tr><tr><td class=\"has-text-align-left\" data-align=\"left\">08.10.2023<\/td><td class=\"has-text-align-left\" data-align=\"left\">NDS, Gliwice<\/td><td class=\"has-text-align-center\" data-align=\"center\">PL<\/td><td class=\"has-text-align-center\" data-align=\"center\">Anna Kochan&nbsp;(PL)<\/td><td class=\"has-text-align-center\" data-align=\"center\">junior<\/td><td class=\"has-text-align-right\" data-align=\"right\">Zw.ml. (CAJC), <strong>NJwR\/BOJ<\/strong><\/td><\/tr><tr><td class=\"has-text-align-left\" data-align=\"left\">03.09.2023<\/td><td class=\"has-text-align-left\" data-align=\"left\">IDS, Rybnik<\/td><td class=\"has-text-align-center\" data-align=\"center\">PL<\/td><td class=\"has-text-align-center\" data-align=\"center\">Malgorzata Supronowicz (PL)<\/td><td class=\"has-text-align-center\" data-align=\"center\">junior<\/td><td class=\"has-text-align-right\" data-align=\"right\">Excellent 1<\/td><\/tr><tr><td class=\"has-text-align-left\" data-align=\"left\">19.08.2023<\/td><td class=\"has-text-align-left\" data-align=\"left\">IDS, Mlad\u00e1 Boleslav<\/td><td class=\"has-text-align-center\" data-align=\"center\">CZ<\/td><td class=\"has-text-align-center\" data-align=\"center\">Lozi\u0107 \u017deljko (Serbia)<\/td><td class=\"has-text-align-center\" data-align=\"center\">junior<\/td><td class=\"has-text-align-right\" data-align=\"right\">CAJC, CACIB-J, <strong>BOJ<\/strong>, <strong>BOS<\/strong><\/td><\/tr><tr><td class=\"has-text-align-left\" data-align=\"left\">22.07.2023<\/td><td class=\"has-text-align-left\" data-align=\"left\">IDS, Czestochowa<\/td><td class=\"has-text-align-center\" data-align=\"center\">PL<\/td><td class=\"has-text-align-center\" data-align=\"center\">M. Wieremiejczyk &#8211; Wierzchowska&nbsp;(PL)<\/td><td class=\"has-text-align-center\" data-align=\"center\">junior<\/td><td class=\"has-text-align-right\" data-align=\"right\">Zw.ml. (CAJC), CACIB-J<\/td><\/tr><tr><td class=\"has-text-align-left\" data-align=\"left\">27.05.2023<\/td><td class=\"has-text-align-left\" data-align=\"left\">IDS, LItom\u011b\u0159ice<\/td><td class=\"has-text-align-center\" data-align=\"center\">CZ<\/td><td class=\"has-text-align-center\" data-align=\"center\">V\u00e1clava Ryb\u00e1rov\u00e1 (CZ)<\/td><td class=\"has-text-align-center\" data-align=\"center\">junior<\/td><td class=\"has-text-align-right\" data-align=\"right\">VG1<\/td><\/tr><tr><td class=\"has-text-align-left\" data-align=\"left\">16.04.2023<\/td><td class=\"has-text-align-left\" data-align=\"left\">NDS, Zakrz\u00f3w<\/td><td class=\"has-text-align-center\" data-align=\"center\">PL<\/td><td class=\"has-text-align-center\" data-align=\"center\">Patrycja Mazur-Szkodzi\u0144ska (PL)&nbsp;<\/td><td class=\"has-text-align-center\" data-align=\"center\">junior<\/td><td class=\"has-text-align-right\" data-align=\"right\">Zw.ml. (CAJC), <strong>NJwR\/BOJ<\/strong>, <strong>BOB<\/strong><\/td><\/tr><\/tbody><\/table><\/figure>\n","protected":false},"excerpt":{"rendered":"<p>Polish Junior Champion, Crufts Qualified &#8217;25 DIAMOND DAIMONION Hv\u011bzdn\u00e1 laguna \/ SHOW RESULTS DATE SHOW JUDGE class RESULT 26.4.2025 IDS \u010cesk\u00e9 Bud\u011bjovice CZ Tibor Havelka (SK) open CAC, CAC-CMKU, CACIB, &#8230;<\/p>\n","protected":false},"author":1,"featured_media":0,"parent":0,"menu_order":0,"comment_status":"closed","ping_status":"closed","template":"template-fullwidth.php","meta":{"footnotes":""},"_links":{"self":[{"href":"https:\/\/lagunadog.eu\/index.php\/wp-json\/wp\/v2\/pages\/1345"}],"collection":[{"href":"https:\/\/lagunadog.eu\/index.php\/wp-json\/wp\/v2\/pages"}],"about":[{"href":"https:\/\/lagunadog.eu\/index.php\/wp-json\/wp\/v2\/types\/page"}],"author":[{"embeddable":true,"href":"https:\/\/lagunadog.eu\/index.php\/wp-json\/wp\/v2\/users\/1"}],"replies":[{"embeddable":true,"href":"https:\/\/lagunadog.eu\/index.php\/wp-json\/wp\/v2\/comments?post=1345"}],"version-history":[{"count":30,"href":"https:\/\/lagunadog.eu\/index.php\/wp-json\/wp\/v2\/pages\/1345\/revisions"}],"predecessor-version":[{"id":3304,"href":"https:\/\/lagunadog.eu\/index.php\/wp-json\/wp\/v2\/pages\/1345\/revisions\/3304"}],"wp:attachment":[{"href":"https:\/\/lagunadog.eu\/index.php\/wp-json\/wp\/v2\/media?parent=1345"}],"curies":[{"name":"wp","href":"https:\/\/api.w.org\/{rel}","templated":true}]}}