{"id":1155,"date":"2024-07-29T13:51:46","date_gmt":"2024-07-29T11:51:46","guid":{"rendered":"https:\/\/lagunadog.eu\/?page_id=1155"},"modified":"2025-05-13T11:53:00","modified_gmt":"2025-05-13T09:53:00","slug":"damien-show","status":"publish","type":"page","link":"https:\/\/lagunadog.eu\/index.php\/damien-show\/","title":{"rendered":"DIAMOND DAMIEN Hv\u011bzdn\u00e1 laguna \/ SHOW RESULTS"},"content":{"rendered":"\n<p><strong>Specialty Junior BIS<\/strong>, <strong>PL Junior Specialty Winner<\/strong>, <strong>SK Junior Specialty Winner<\/strong>, <strong>Czech National Winner<\/strong> &#8217;23, &#8217;24<br><strong>C.I.E,. Czech Champion, CMKU Champion, Polish Champion<\/strong>, <strong>Polish Junior Champion<\/strong>, <strong>Czech Junior Champion, CruftsQ. &#8217;23<\/strong><\/p>\n\n\n\n<p class=\"has-medium-font-size\"><a href=\"https:\/\/lagunadog.eu\/index.php\/diamond-damien-hvezdna-laguna\/\"><strong>DIAMOND DAMIEN Hv\u011bzdn\u00e1 laguna<\/strong><\/a> \/ SHOW RESULTS<\/p>\n\n\n\n<div class=\"wp-block-buttons is-content-justification-right is-layout-flex wp-container-core-buttons-layout-1 wp-block-buttons-is-layout-flex\">\n<div class=\"wp-block-button\"><a class=\"wp-block-button__link wp-element-button\" href=\"https:\/\/lagunadog.eu\/index.php\/diamond-damien-hvezdna-laguna\/\">Personal page<\/a><\/div>\n\n\n\n<div class=\"wp-block-button\"><a class=\"wp-block-button__link wp-element-button\">Photo Gallery<\/a><\/div>\n\n\n\n<div class=\"wp-block-button\"><a class=\"wp-block-button__link wp-element-button\" href=\"https:\/\/belgianshepherd.breedarchive.com\/animal\/view\/diamond-damien-hvezdna-laguna-e955a2e8-3c98-4e19-8530-43d572d0d927\" target=\"_blank\" rel=\"noreferrer noopener\">Pedigre<\/a><\/div>\n\n\n\n<div class=\"wp-block-button\"><a class=\"wp-block-button__link wp-element-button\" href=\"https:\/\/lagunadog.eu\/index.php\/d2-litter-hl\/\">D Litter info<\/a><\/div>\n<\/div>\n\n\n\n<div style=\"height:40px\" aria-hidden=\"true\" class=\"wp-block-spacer\"><\/div>\n\n\n\n<figure class=\"wp-block-table is-style-stripes\"><table><thead><tr><th class=\"has-text-align-left\" data-align=\"left\">DATE<\/th><th class=\"has-text-align-left\" data-align=\"left\">SHOW<\/th><th class=\"has-text-align-center\" data-align=\"center\"><\/th><th class=\"has-text-align-center\" data-align=\"center\">JUDGE<\/th><th class=\"has-text-align-center\" data-align=\"center\">class<\/th><th class=\"has-text-align-right\" data-align=\"right\">RESULT<\/th><\/tr><\/thead><tbody><tr><td class=\"has-text-align-left\" data-align=\"left\">11.05.2025<\/td><td class=\"has-text-align-left\" data-align=\"left\">Special, Mlada Boleslav (KCHBO)<\/td><td class=\"has-text-align-center\" data-align=\"center\">CZ<\/td><td class=\"has-text-align-center\" data-align=\"center\">Pauline Koning-Stern Hanf&nbsp;(NL)<\/td><td class=\"has-text-align-center\" data-align=\"center\">winner<\/td><td class=\"has-text-align-right\" data-align=\"right\">Excellent 3<\/td><\/tr><tr><td class=\"has-text-align-left\" data-align=\"left\">11.04.2025<\/td><td class=\"has-text-align-left\" data-align=\"left\">NDS Brno<\/td><td class=\"has-text-align-center\" data-align=\"center\">CZ<\/td><td class=\"has-text-align-center\" data-align=\"center\">Cristian Stefanescu&nbsp;(RO)<\/td><td class=\"has-text-align-center\" data-align=\"center\">open<\/td><td class=\"has-text-align-right\" data-align=\"right\">Excellent 3<\/td><\/tr><tr><td class=\"has-text-align-left\" data-align=\"left\">10.4.2025<\/td><td class=\"has-text-align-left\" data-align=\"left\">European dog Show, Brno<\/td><td class=\"has-text-align-center\" data-align=\"center\">CZ<\/td><td class=\"has-text-align-center\" data-align=\"center\">Gerard Jipping (NL)<\/td><td class=\"has-text-align-center\" data-align=\"center\">champion<\/td><td class=\"has-text-align-right\" data-align=\"right\">Excellent 3<\/td><\/tr><tr><td class=\"has-text-align-left\" data-align=\"left\">07.12.2024<\/td><td class=\"has-text-align-left\" data-align=\"left\">NDS V\u00e1no\u010dka, Brno<\/td><td class=\"has-text-align-center\" data-align=\"center\">CZ<\/td><td class=\"has-text-align-center\" data-align=\"center\">Ladislav Frn\u010do (CZ)<\/td><td class=\"has-text-align-center\" data-align=\"center\">winner<\/td><td class=\"has-text-align-right\" data-align=\"right\">CAC, CAC-CMKU, <strong>NW<\/strong>, <strong>BOB<\/strong> \/ <strong>CMKU Champion<\/strong><\/td><\/tr><tr><td class=\"has-text-align-left\" data-align=\"left\">01.12.2024<\/td><td class=\"has-text-align-left\" data-align=\"left\">TrioCACIB Prague Expo Dog<\/td><td class=\"has-text-align-center\" data-align=\"center\">CZ<\/td><td class=\"has-text-align-center\" data-align=\"center\">Judit Kor\u00f3zs-Papp (HU)<\/td><td class=\"has-text-align-center\" data-align=\"center\">champion<\/td><td class=\"has-text-align-right\" data-align=\"right\">CAC, CAC-CMKU, CACIB \/ <strong>C.I.E. InterChampion<\/strong><\/td><\/tr><tr><td class=\"has-text-align-left\" data-align=\"left\">16.11.2024<\/td><td class=\"has-text-align-left\" data-align=\"left\">Club, Beroun (KCHBO)<\/td><td class=\"has-text-align-center\" data-align=\"center\">CZ<\/td><td class=\"has-text-align-center\" data-align=\"center\">Sonny Str\u00f6m (SWE)<\/td><td class=\"has-text-align-center\" data-align=\"center\">open<\/td><td class=\"has-text-align-right\" data-align=\"right\">CAC, <strong>CKS<\/strong>, <strong>Best Male<\/strong><\/td><\/tr><tr><td class=\"has-text-align-left\" data-align=\"left\">13.10.2024<\/td><td class=\"has-text-align-left\" data-align=\"left\">IDS \u010cesk\u00e9 Bud\u011bjovice<\/td><td class=\"has-text-align-center\" data-align=\"center\">CZ<\/td><td class=\"has-text-align-center\" data-align=\"center\">Petr \u0158eh\u00e1nek (CZ)<\/td><td class=\"has-text-align-center\" data-align=\"center\">champion<\/td><td class=\"has-text-align-right\" data-align=\"right\">CAC, res.CACIB \/ <strong><a href=\"https:\/\/lagunadog.eu\/wp-content\/uploads\/2024\/10\/image-12.png\" target=\"_blank\" rel=\"noreferrer noopener\">Czech Champion<\/a><\/strong><\/td><\/tr><tr><td class=\"has-text-align-left\" data-align=\"left\">14.09.2024<\/td><td class=\"has-text-align-left\" data-align=\"left\">Special, \u010ca\u0148a<\/td><td class=\"has-text-align-center\" data-align=\"center\">SK<\/td><td class=\"has-text-align-center\" data-align=\"center\">Jaroslav Zembjak (SK)<\/td><td class=\"has-text-align-center\" data-align=\"center\">champion<\/td><td class=\"has-text-align-right\" data-align=\"right\">CAC, <strong>\u010cK\u0160<\/strong><\/td><\/tr><tr><td class=\"has-text-align-left\" data-align=\"left\">31.08.2024<\/td><td class=\"has-text-align-left\" data-align=\"left\"><a href=\"https:\/\/lagunadog.eu\/wp-content\/uploads\/2024\/08\/image-19.png\" target=\"_blank\" rel=\"noreferrer noopener\">IDS Floracanis<\/a><\/td><td class=\"has-text-align-center\" data-align=\"center\">CZ<\/td><td class=\"has-text-align-center\" data-align=\"center\">Alexandra Grygarov\u00e1 (CZ)<\/td><td class=\"has-text-align-center\" data-align=\"center\">champion<\/td><td class=\"has-text-align-right\" data-align=\"right\">CAC, CAC CMKU, CACIB, <strong>BOB<\/strong><\/td><\/tr><tr><td class=\"has-text-align-left\" data-align=\"left\">17.08.2024<\/td><td class=\"has-text-align-left\" data-align=\"left\"><a href=\"https:\/\/lagunadog.eu\/wp-content\/uploads\/2024\/08\/image-8.png\" target=\"_blank\" rel=\"noreferrer noopener\">IDS Mlad\u00e1 Boleslav<\/a><\/td><td class=\"has-text-align-center\" data-align=\"center\">CZ<\/td><td class=\"has-text-align-center\" data-align=\"center\">Petr \u0158eh\u00e1nek (CZ)<\/td><td class=\"has-text-align-center\" data-align=\"center\">champion<\/td><td class=\"has-text-align-right\" data-align=\"right\">CAC, res.CACIB<\/td><\/tr><tr><td class=\"has-text-align-left\" data-align=\"left\">08.06.2024<\/td><td class=\"has-text-align-left\" data-align=\"left\">Club, Smolinske<\/td><td class=\"has-text-align-center\" data-align=\"center\">SK<\/td><td class=\"has-text-align-center\" data-align=\"center\">Lozi\u0107 \u017deljko (Serbia)<\/td><td class=\"has-text-align-center\" data-align=\"center\">champion<\/td><td class=\"has-text-align-right\" data-align=\"right\">res. CAC<\/td><\/tr><tr><td class=\"has-text-align-left\" data-align=\"left\">12.05.2024<\/td><td class=\"has-text-align-left\" data-align=\"left\">Special, Mlad\u00e1 Boleslav<\/td><td class=\"has-text-align-center\" data-align=\"center\">CZ<\/td><td class=\"has-text-align-center\" data-align=\"center\">Kris Malinowski (UK)<\/td><td class=\"has-text-align-center\" data-align=\"center\">intermedia<\/td><td class=\"has-text-align-right\" data-align=\"right\">CAC, <strong>\u010cK\u0160<\/strong><\/td><\/tr><tr><td class=\"has-text-align-left\" data-align=\"left\">20.04.2024<\/td><td class=\"has-text-align-left\" data-align=\"left\">NDS Moszna<\/td><td class=\"has-text-align-center\" data-align=\"center\">PL<\/td><td class=\"has-text-align-center\" data-align=\"center\">Khalil el Mohtar (PL)<\/td><td class=\"has-text-align-center\" data-align=\"center\">intermedia<\/td><td class=\"has-text-align-right\" data-align=\"right\">CWC, NDPwR, <strong>BOB<\/strong><\/td><\/tr><tr><td class=\"has-text-align-left\" data-align=\"left\">20.04.2024<\/td><td class=\"has-text-align-left\" data-align=\"left\">Special, Moszna<\/td><td class=\"has-text-align-center\" data-align=\"center\">PL<\/td><td class=\"has-text-align-center\" data-align=\"center\">Marion Ten Cate (NL)<\/td><td class=\"has-text-align-center\" data-align=\"center\">intermedia<\/td><td class=\"has-text-align-right\" data-align=\"right\">CWC (BM-2) \/ <strong>PL Champion<\/strong><\/td><\/tr><tr><td class=\"has-text-align-left\" data-align=\"left\">16.03.2024<\/td><td class=\"has-text-align-left\" data-align=\"left\">NDS Brno<\/td><td class=\"has-text-align-center\" data-align=\"center\">CZ<\/td><td class=\"has-text-align-center\" data-align=\"center\">Mgr. Nad\u011b\u017eda St\u0159alkov\u00e1&nbsp;(CZ)<\/td><td class=\"has-text-align-center\" data-align=\"center\">winner<\/td><td class=\"has-text-align-right\" data-align=\"right\">res. CAC<\/td><\/tr><tr><td class=\"has-text-align-left\" data-align=\"left\">11.02.2024<\/td><td class=\"has-text-align-left\" data-align=\"left\">IDS Katowice<\/td><td class=\"has-text-align-center\" data-align=\"center\">PL<\/td><td class=\"has-text-align-center\" data-align=\"center\">Zdenka J\u00edlkov\u00e1 (CZ)<\/td><td class=\"has-text-align-center\" data-align=\"center\">open<\/td><td class=\"has-text-align-right\" data-align=\"right\">CWC, CACIB, Zw.PL, <strong>BOS<\/strong><\/td><\/tr><tr><td class=\"has-text-align-left\" data-align=\"left\">02.12.2023<\/td><td class=\"has-text-align-left\" data-align=\"left\">NDS Brno<\/td><td class=\"has-text-align-center\" data-align=\"center\">CZ<\/td><td class=\"has-text-align-center\" data-align=\"center\">Ing. Leo\u0161 Jan\u010d\u00edk (CZ)<\/td><td class=\"has-text-align-center\" data-align=\"center\">open<\/td><td class=\"has-text-align-right\" data-align=\"right\">CAC, CAC-CMKU, <strong>National<\/strong> <strong>Winner<\/strong>, <strong>BOS<\/strong><\/td><\/tr><tr><td class=\"has-text-align-left\" data-align=\"left\">29.10.2023<\/td><td class=\"has-text-align-left\" data-align=\"left\">IDS Bratislava<\/td><td class=\"has-text-align-center\" data-align=\"center\">SK<\/td><td class=\"has-text-align-center\" data-align=\"center\">Gerard Jipping (NL)<\/td><td class=\"has-text-align-center\" data-align=\"center\">open<\/td><td class=\"has-text-align-right\" data-align=\"right\">CAC, CACIB, <strong>CruftsQ<\/strong>., <strong>BOS<\/strong><\/td><\/tr><tr><td class=\"has-text-align-left\" data-align=\"left\">27.10.2023<\/td><td class=\"has-text-align-left\" data-align=\"left\">IDS Bratislava<\/td><td class=\"has-text-align-center\" data-align=\"center\">SK<\/td><td class=\"has-text-align-center\" data-align=\"center\">Tibor Havelka (SK)<\/td><td class=\"has-text-align-center\" data-align=\"center\">junior<\/td><td class=\"has-text-align-right\" data-align=\"right\">CAJC, CACIB-J, <strong>BOJ<\/strong><\/td><\/tr><tr><td class=\"has-text-align-left\" data-align=\"left\">08.10.2023<\/td><td class=\"has-text-align-left\" data-align=\"left\">NDS Gliwice<\/td><td class=\"has-text-align-center\" data-align=\"center\">PL<\/td><td class=\"has-text-align-center\" data-align=\"center\">Anna Kochan&nbsp;(PL)<\/td><td class=\"has-text-align-center\" data-align=\"center\">open<\/td><td class=\"has-text-align-right\" data-align=\"right\">CWC<\/td><\/tr><tr><td class=\"has-text-align-left\" data-align=\"left\">30.09.2023<\/td><td class=\"has-text-align-left\" data-align=\"left\">Special, Ve\u013ek\u00e9 Kr\u0161te\u0148any<\/td><td class=\"has-text-align-center\" data-align=\"center\">SK<\/td><td class=\"has-text-align-center\" data-align=\"center\">Alexandra Grygarov\u00e1&nbsp;(CZ)<\/td><td class=\"has-text-align-center\" data-align=\"center\">junior<\/td><td class=\"has-text-align-right\" data-align=\"right\">CAJC, <strong>Junior Specialty <strong>Winner<\/strong><\/strong>, <strong>BOS<\/strong>, <strong>JBISS<\/strong><\/td><\/tr><tr><td class=\"has-text-align-left\" data-align=\"left\">23.09.2023<\/td><td class=\"has-text-align-left\" data-align=\"left\">Club, Horka nad Moravou<\/td><td class=\"has-text-align-center\" data-align=\"center\">CZ<\/td><td class=\"has-text-align-center\" data-align=\"center\">Tanja Hulsund (Norway)<\/td><td class=\"has-text-align-center\" data-align=\"center\">junior<\/td><td class=\"has-text-align-right\" data-align=\"right\">CAJC \/ <strong>CZ Jun.Champion<\/strong><\/td><\/tr><tr><td class=\"has-text-align-left\" data-align=\"left\">09.09.2023<\/td><td class=\"has-text-align-left\" data-align=\"left\">IDS Olomouc<\/td><td class=\"has-text-align-center\" data-align=\"center\">CZ<\/td><td class=\"has-text-align-center\" data-align=\"center\">Tibor Havelka (SK)<\/td><td class=\"has-text-align-center\" data-align=\"center\">junior<\/td><td class=\"has-text-align-right\" data-align=\"right\">CAJC, CACIB-J, <strong>BOS<\/strong><\/td><\/tr><tr><td class=\"has-text-align-left\" data-align=\"left\">29.07.2023<\/td><td class=\"has-text-align-left\" data-align=\"left\">NDS Moszna<\/td><td class=\"has-text-align-center\" data-align=\"center\">PL<\/td><td class=\"has-text-align-center\" data-align=\"center\">Izabela Grzesiek&nbsp;(PL)<\/td><td class=\"has-text-align-center\" data-align=\"center\">junior<\/td><td class=\"has-text-align-right\" data-align=\"right\">Zw.ml. (CAJC) \/ <strong>PL Jun.Champion<\/strong><\/td><\/tr><tr><td class=\"has-text-align-left\" data-align=\"left\">29.07.2023<\/td><td class=\"has-text-align-left\" data-align=\"left\">Special, Moszna<\/td><td class=\"has-text-align-center\" data-align=\"center\">PL<\/td><td class=\"has-text-align-center\" data-align=\"center\">Sonny Str\u00f6m (Sweden)<\/td><td class=\"has-text-align-center\" data-align=\"center\">junior<\/td><td class=\"has-text-align-right\" data-align=\"right\">Zw.ml. (CAJC), <strong>Junior Specialty Winner<\/strong><\/td><\/tr><tr><td class=\"has-text-align-left\" data-align=\"left\">30.06.2023<\/td><td class=\"has-text-align-left\" data-align=\"left\">IDS Wisla<\/td><td class=\"has-text-align-center\" data-align=\"center\">PL<\/td><td class=\"has-text-align-center\" data-align=\"center\">Anna Albrigo (Italy)<\/td><td class=\"has-text-align-center\" data-align=\"center\">junior<\/td><td class=\"has-text-align-right\" data-align=\"right\">Zw.ml. (CAJC), CACIB-J, <strong>NJwR\/BOJ<\/strong>, <strong>BOB<\/strong><\/td><\/tr><tr><td class=\"has-text-align-left\" data-align=\"left\">24.06.2023<\/td><td class=\"has-text-align-left\" data-align=\"left\">IDS Brno<\/td><td class=\"has-text-align-center\" data-align=\"center\">CZ<\/td><td class=\"has-text-align-center\" data-align=\"center\">Milan Krinke (CZ)<\/td><td class=\"has-text-align-center\" data-align=\"center\">junior<\/td><td class=\"has-text-align-right\" data-align=\"right\">Very Good 1<\/td><\/tr><tr><td class=\"has-text-align-left\" data-align=\"left\">21.05.2023<\/td><td class=\"has-text-align-left\" data-align=\"left\">NDS Gniazd\u00f3w<\/td><td class=\"has-text-align-center\" data-align=\"center\">PL<\/td><td class=\"has-text-align-center\" data-align=\"center\">Petr \u0158eh\u00e1nek (CZ)<\/td><td class=\"has-text-align-center\" data-align=\"center\">junior<\/td><td class=\"has-text-align-right\" data-align=\"right\">Zw.ml. (CAJC), <strong>NJwR\/BOJ<\/strong><\/td><\/tr><tr><td class=\"has-text-align-left\" data-align=\"left\">08.04.2023<\/td><td class=\"has-text-align-left\" data-align=\"left\">NDS Brno<\/td><td class=\"has-text-align-center\" data-align=\"center\">CZ<\/td><td class=\"has-text-align-center\" data-align=\"center\">Ing. Ivana N\u011bme\u010dkov\u00e1<\/td><td class=\"has-text-align-center\" data-align=\"center\">junior<\/td><td class=\"has-text-align-right\" data-align=\"right\">CAJC<\/td><\/tr><\/tbody><\/table><\/figure>\n","protected":false},"excerpt":{"rendered":"<p>Specialty Junior BIS, PL Junior Specialty Winner, SK Junior Specialty Winner, Czech National Winner &#8217;23, &#8217;24C.I.E,. Czech Champion, CMKU Champion, Polish Champion, Polish Junior Champion, Czech Junior Champion, CruftsQ. &#8217;23 &#8230;<\/p>\n","protected":false},"author":1,"featured_media":0,"parent":0,"menu_order":0,"comment_status":"closed","ping_status":"closed","template":"template-fullwidth.php","meta":{"footnotes":""},"_links":{"self":[{"href":"https:\/\/lagunadog.eu\/index.php\/wp-json\/wp\/v2\/pages\/1155"}],"collection":[{"href":"https:\/\/lagunadog.eu\/index.php\/wp-json\/wp\/v2\/pages"}],"about":[{"href":"https:\/\/lagunadog.eu\/index.php\/wp-json\/wp\/v2\/types\/page"}],"author":[{"embeddable":true,"href":"https:\/\/lagunadog.eu\/index.php\/wp-json\/wp\/v2\/users\/1"}],"replies":[{"embeddable":true,"href":"https:\/\/lagunadog.eu\/index.php\/wp-json\/wp\/v2\/comments?post=1155"}],"version-history":[{"count":69,"href":"https:\/\/lagunadog.eu\/index.php\/wp-json\/wp\/v2\/pages\/1155\/revisions"}],"predecessor-version":[{"id":3315,"href":"https:\/\/lagunadog.eu\/index.php\/wp-json\/wp\/v2\/pages\/1155\/revisions\/3315"}],"wp:attachment":[{"href":"https:\/\/lagunadog.eu\/index.php\/wp-json\/wp\/v2\/media?parent=1155"}],"curies":[{"name":"wp","href":"https:\/\/api.w.org\/{rel}","templated":true}]}}